{"id":77,"date":"2017-11-06T12:33:44","date_gmt":"2017-11-06T11:33:44","guid":{"rendered":"https:\/\/www.gruender.de\/demo\/business-fix-fertig\/versicherungen\/?page_id=77"},"modified":"2020-05-25T17:20:10","modified_gmt":"2020-05-25T15:20:10","slug":"impressum","status":"publish","type":"page","link":"https:\/\/hund-trainieren.net\/?page_id=77","title":{"rendered":"Impressum"},"content":{"rendered":"<p>[et_pb_section fb_built=&#8220;1&#8243; admin_label=&#8220;section&#8220; _builder_version=&#8220;3.22&#8243;][et_pb_row admin_label=&#8220;row&#8220; _builder_version=&#8220;3.25&#8243; background_size=&#8220;initial&#8220; background_position=&#8220;top_left&#8220; background_repeat=&#8220;repeat&#8220;][et_pb_column type=&#8220;4_4&#8243; _builder_version=&#8220;3.25&#8243; custom_padding=&#8220;|||&#8220; custom_padding__hover=&#8220;|||&#8220;][et_pb_text admin_label=&#8220;Text&#8220; _builder_version=&#8220;3.27.4&#8243; background_size=&#8220;initial&#8220; background_position=&#8220;top_left&#8220; background_repeat=&#8220;repeat&#8220;]<\/p>\n<h3>Angaben gem\u00e4\u00df \u00a7 5 TMG:<\/h3>\n<p>Robert Berndt<br \/>Lohm\u00fchlegasse Nr. 8<br \/>73230 Kirchheim unter Teck<\/p>\n<p>Telefon: 01525 \/ 728 4450<br \/>E-Mail: info (at) hund (minus) trainieren (punkt) net\u00a0<\/p>\n<h3>Urheberrechtshinweis!<\/h3>\n<p>Alle Inhalte dieses Internetangebotes, insbesondere Texte, Fotografien und Grafiken, sind urheberrechtlich gesch\u00fctzt (Copyright). Das Urheberrecht liegt, soweit nicht ausdr\u00fccklich anders gekennzeichnet, beim Webseitenbetreiber.\u00a0Wer gegen das Urheberrecht verst\u00f6\u00dft (z.B. die Inhalte unerlaubt auf die eigene Homepage kopiert), macht sich gem.\u00a0<a href=\"http:\/\/www.gesetze-im-internet.de\/urhg\/__106.html\" target=\"_blank\" rel=\"noopener noreferrer\">\u00a7 106 ff Urhebergesetz<\/a>\u00a0strafbar. Er wird zudem kostenpflichtig abgemahnt und muss Schadensersatz leisten. Kopien von Inhalten k\u00f6nnen im Internet ohne gro\u00dfen Aufwand verfolgt werden.<\/p>\n<hr \/>\n<p>G\u00fcltigkeit f\u00fcr alle Domain-Weiterleitungen und Social Networks<\/p>\n<p>Das Impressum, sowie die AGBs und die Informationen zum Datenschutz gelten f\u00fcr alle Domains, die als zugeh\u00f6rige Domains registriert sind und auf diese\u00a0weiterleiten.<\/p>\n<h3>\u00a0Haftungsausschluss<\/h3>\n<h3>1. Haftung f\u00fcr Inhalte des Onlineangebots<\/h3>\n<p>Die Inhalte unserer Seiten werden mit gr\u00f6\u00dfter Sorgfalt erstellt. F\u00fcr die Richtigkeit, Vollst\u00e4ndigkeit und Aktualit\u00e4t der Inhalte k\u00f6nnen wir jedoch keine Gew\u00e4hr \u00fcbernehmen. Als Diensteanbieter sind wir gem\u00e4\u00df \u00a7 7 Abs.1 TMG f\u00fcr eigene Inhalte auf diesen Seiten nach den allgemeinen Gesetzen verantwortlich.<\/p>\n<p>Nach \u00a7\u00a7 8 bis 10 TMG sind wir als Diensteanbieter jedoch nicht verpflichtet, \u00fcbermittelte oder gespeicherte fremde Informationen zu \u00fcberwachen oder nach Umst\u00e4nden zu forschen, die auf eine rechtswidrige T\u00e4tigkeit hinweisen. Verpflichtungen zur Entfernung oder Sperrung der Nutzung von Informationen nach den allgemeinen Gesetzen bleiben hiervon unber\u00fchrt. Eine diesbez\u00fcgliche Haftung ist jedoch erst ab dem Zeitpunkt der Kenntnis einer konkreten Rechtsverletzung m\u00f6glich. Bei Bekanntwerden von entsprechenden Rechtsverletzungen werden wir diese Inhalte umgehend entfernen.<\/p>\n<p>Haftungsanspr\u00fcche gegen den Autor, welche sich auf Sch\u00e4den materieller oder ideeller Art beziehen, die durch die Nutzung oder Nichtnutzung der dargebotenen Informationen bzw. durch die Nutzung fehlerhafter und unvollst\u00e4ndiger Informationen verursacht wurden, sind grunds\u00e4tzlich ausgeschlossen, sofern seitens des Autors kein nachweislich vors\u00e4tzliches oder grob fahrl\u00e4ssiges Verschulden vorliegt.<br \/>Alle Angebote sind freibleibend und unverbindlich. Der Autor beh\u00e4lt es sich ausdr\u00fccklich vor, Teile der Seiten oder das gesamte Angebot ohne gesonderte Ank\u00fcndigung zu ver\u00e4ndern, zu erg\u00e4nzen, zu l\u00f6schen oder die Ver\u00f6ffentlichung zeitweise oder endg\u00fcltig einzustellen.<\/p>\n<h3>2. Haftung f\u00fcr Verweise und Links<\/h3>\n<p>Das Onlineangebot dieser Website enth\u00e4lt Links zu externen Webseiten Dritter, auf deren Inhalte wir keinen Einfluss haben. Deshalb k\u00f6nnen wir f\u00fcr diese fremden Inhalte auch keine Gew\u00e4hr \u00fcbernehmen. F\u00fcr die Inhalte der verlinkten Seiten ist stets der jeweilige Anbieter oder Betreiber der Seiten verantwortlich.<\/p>\n<p>Bei direkten oder indirekten Verweisen auf fremde Webseiten (\u201eHyperlinks\u201c), die au\u00dferhalb des Verantwortungsbereiches des Autors liegen, w\u00fcrde eine Haftungsverpflichtung ausschlie\u00dflich in dem Fall in Kraft treten, in dem der Autor von den Inhalten Kenntnis hat und es ihm technisch m\u00f6glich und zumutbar w\u00e4re, die Nutzung im Falle rechtswidriger Inhalte zu verhindern.<\/p>\n<p>Der Autor erkl\u00e4rt hiermit ausdr\u00fccklich, dass zum Zeitpunkt der Linksetzung keine illegalen Inhalte oder m\u00f6gliche Rechtsverst\u00f6\u00dfe auf den zu verlinkenden Seiten erkennbar waren. Auf die aktuelle und zuk\u00fcnftige Gestaltung, die Inhalte oder die Urheberschaft der verlinkten \/ verkn\u00fcpften Seiten hat der Autor keinerlei Einfluss. Deshalb distanziert er sich hiermit ausdr\u00fccklich von allen Inhalten aller verlinkten \/ verkn\u00fcpften Seiten, die nach der Linksetzung ver\u00e4ndert wurden. Diese Feststellung gilt f\u00fcr alle innerhalb des eigenen Internetangebotes gesetzten Links und Verweise sowie f\u00fcr Fremdeintr\u00e4ge in vom Autor eingerichteten Gastartikeln, G\u00e4steb\u00fcchern, Diskussionsforen, Linkverzeichnissen, Mailinglisten und in allen anderen Formen von Datenbanken, auf deren Inhalt externe Schreibzugriffe m\u00f6glich sind. F\u00fcr illegale, fehlerhafte oder unvollst\u00e4ndige Inhalte und insbesondere f\u00fcr Sch\u00e4den, die aus der Nutzung oder Nichtnutzung solcherart dargebotener Informationen entstehen, haftet allein der Anbieter der Seite, auf welche verwiesen wurde, nicht derjenige, der \u00fcber Links auf die jeweilige Ver\u00f6ffentlichung lediglich verweist.<\/p>\n<p>Bei Bekanntwerden von Rechtsverletzungen werden wir derartige Links umgehend entfernen.<\/p>\n<h3>3. Urheber- und Kennzeichenrecht<\/h3>\n<p>Die durch die Seitenbetreiber erstellten Inhalte und Werke auf diesen Seiten unterliegen dem deutschen Urheberrecht. Die Vervielf\u00e4ltigung, Bearbeitung, Verbreitung und jede Art der Verwertung au\u00dferhalb der Grenzen des Urheberrechtes bed\u00fcrfen der schriftlichen Zustimmung des jeweiligen Autors bzw. Erstellers. Downloads und Kopien dieser Seite sind nur f\u00fcr den privaten, nicht kommerziellen Gebrauch gestattet.<\/p>\n<p>Der Autor ist bestrebt, in allen Publikationen die Urheberrechte der verwendeten Bilder, Grafiken, Tondokumente, Videosequenzen und Texte zu beachten, von ihm selbst erstellte Bilder, Grafiken, Tondokumente, Videosequenzen und Texte zu nutzen oder auf lizenzfreie Grafiken, Tondokumente, Videosequenzen und Texte zur\u00fcckzugreifen.<\/p>\n<p>Alle innerhalb des Internetangebotes genannten und ggf. durch Dritte gesch\u00fctzten Marken- und Warenzeichen unterliegen uneingeschr\u00e4nkt den Bestimmungen des jeweils g\u00fcltigen Kennzeichenrechts und den Besitzrechten der jeweiligen eingetragenen Eigent\u00fcmer.<\/p>\n<p>Allein aufgrund der blo\u00dfen Nennung ist nicht der Schluss zu ziehen, dass Markenzeichen nicht durch Rechte Dritter gesch\u00fctzt sind!<\/p>\n<p>Sollten Sie dennoch auf eine Urheberrechtsverletzung aufmerksam werden, bitten wir um eine Benachrichtigung. Bei Kenntnis von Urheberrechtsverletzungen werden wir die betreffenden Inhalte umgehend entfernen.<\/p>\n<h3 class=\"headline\">Rechtswirksamkeit dieses Haftungsausschlusses<\/h3>\n<p>Dieser Haftungsausschluss ist als Teil des Internetangebotes zu betrachten, von dem aus auf diese Seite verwiesen wurde. Sofern Teile oder einzelne Formulierungen dieses Textes der geltenden Rechtslage nicht, nicht mehr oder nicht vollst\u00e4ndig entsprechen sollten, bleiben die \u00fcbrigen Teile des Dokumentes in ihrem Inhalt und ihrer G\u00fcltigkeit davon unber\u00fchrt.<\/p>\n<p><strong>Hinweis:<\/strong>\u00a0<em>Vom Websiteinhaber angepasst<\/em><br \/><a href=\"http:\/\/rechtsanwalt-schwenke.de\/smmr-buch\/datenschutz-muster-generator-fuer-webseiten-blogs-und-social-media\/\"><strong>Datenschutz-Muster von Rechtsanwalt Thomas Schwenke \u2013 I LAW it<\/strong><\/a><\/p>\n<p>[\/et_pb_text][\/et_pb_column][\/et_pb_row][\/et_pb_section]<\/p>\n","protected":false},"excerpt":{"rendered":"<p>Angaben gem\u00e4\u00df \u00a7 5 TMG: Robert BerndtLohm\u00fchlegasse Nr. 873230 Kirchheim unter Teck Telefon: 01525 \/ 728 4450E-Mail: info (at) hund (minus) trainieren (punkt) net\u00a0 Urheberrechtshinweis! Alle Inhalte dieses Internetangebotes, insbesondere Texte, Fotografien und Grafiken, sind urheberrechtlich gesch\u00fctzt (Copyright). Das Urheberrecht liegt, soweit nicht ausdr\u00fccklich anders gekennzeichnet, beim Webseitenbetreiber.\u00a0Wer gegen das Urheberrecht verst\u00f6\u00dft (z.B. die Inhalte [&hellip;]<\/p>\n","protected":false},"author":2,"featured_media":0,"parent":0,"menu_order":0,"comment_status":"closed","ping_status":"closed","template":"","meta":{"_et_pb_use_builder":"on","_et_pb_old_content":"<h3>Angaben gem\u00e4\u00df \u00a7 5 TMG:<\/h3>\r\nRobert Berndt\r\nLohm\u00fchlegasse Nr. 8\r\n73230 Kirchheim unter Teck\r\n<h3>Urheberrechtshinweis!<\/h3>\r\nAlle Inhalte dieses Internetangebotes, insbesondere Texte, Fotografien und Grafiken, sind urheberrechtlich gesch\u00fctzt (Copyright). Das Urheberrecht liegt, soweit nicht ausdr\u00fccklich anders gekennzeichnet, beim Webseitenbetreiber.\u00a0Wer gegen das Urheberrecht verst\u00f6\u00dft (z.B. die Inhalte unerlaubt auf die eigene Homepage kopiert), macht sich gem.\u00a0<a href=\"http:\/\/www.gesetze-im-internet.de\/urhg\/__106.html\" target=\"_blank\" rel=\"noopener noreferrer\">\u00a7 106 ff Urhebergesetz<\/a>\u00a0strafbar. Er wird zudem kostenpflichtig abgemahnt und muss Schadensersatz leisten. Kopien von Inhalten k\u00f6nnen im Internet ohne gro\u00dfen Aufwand verfolgt werden.\r\n\r\n<hr \/>\r\n\r\nG\u00fcltigkeit f\u00fcr alle Domain-Weiterleitungen und Social Networks\r\n\r\nDas Impressum, sowie die AGBs und die Informationen zum Datenschutz gelten f\u00fcr alle Domains, die als zugeh\u00f6rige Domains registriert sind und auf diese\u00a0weiterleiten.\r\n<h3>\u00a0Haftungsausschluss<\/h3>\r\n<h3>1. Haftung f\u00fcr Inhalte des Onlineangebots<\/h3>\r\nDie Inhalte unserer Seiten werden mit gr\u00f6\u00dfter Sorgfalt erstellt. F\u00fcr die Richtigkeit, Vollst\u00e4ndigkeit und Aktualit\u00e4t der Inhalte k\u00f6nnen wir jedoch keine Gew\u00e4hr \u00fcbernehmen. Als Diensteanbieter sind wir gem\u00e4\u00df \u00a7 7 Abs.1 TMG f\u00fcr eigene Inhalte auf diesen Seiten nach den allgemeinen Gesetzen verantwortlich.\r\n\r\nNach \u00a7\u00a7 8 bis 10 TMG sind wir als Diensteanbieter jedoch nicht verpflichtet, \u00fcbermittelte oder gespeicherte fremde Informationen zu \u00fcberwachen oder nach Umst\u00e4nden zu forschen, die auf eine rechtswidrige T\u00e4tigkeit hinweisen. Verpflichtungen zur Entfernung oder Sperrung der Nutzung von Informationen nach den allgemeinen Gesetzen bleiben hiervon unber\u00fchrt. Eine diesbez\u00fcgliche Haftung ist jedoch erst ab dem Zeitpunkt der Kenntnis einer konkreten Rechtsverletzung m\u00f6glich. Bei Bekanntwerden von entsprechenden Rechtsverletzungen werden wir diese Inhalte umgehend entfernen.\r\n\r\nHaftungsanspr\u00fcche gegen den Autor, welche sich auf Sch\u00e4den materieller oder ideeller Art beziehen, die durch die Nutzung oder Nichtnutzung der dargebotenen Informationen bzw. durch die Nutzung fehlerhafter und unvollst\u00e4ndiger Informationen verursacht wurden, sind grunds\u00e4tzlich ausgeschlossen, sofern seitens des Autors kein nachweislich vors\u00e4tzliches oder grob fahrl\u00e4ssiges Verschulden vorliegt.\r\nAlle Angebote sind freibleibend und unverbindlich. Der Autor beh\u00e4lt es sich ausdr\u00fccklich vor, Teile der Seiten oder das gesamte Angebot ohne gesonderte Ank\u00fcndigung zu ver\u00e4ndern, zu erg\u00e4nzen, zu l\u00f6schen oder die Ver\u00f6ffentlichung zeitweise oder endg\u00fcltig einzustellen.\r\n<h3>2. Haftung f\u00fcr Verweise und Links<\/h3>\r\nDas Onlineangebot dieser Website enth\u00e4lt Links zu externen Webseiten Dritter, auf deren Inhalte wir keinen Einfluss haben. Deshalb k\u00f6nnen wir f\u00fcr diese fremden Inhalte auch keine Gew\u00e4hr \u00fcbernehmen. F\u00fcr die Inhalte der verlinkten Seiten ist stets der jeweilige Anbieter oder Betreiber der Seiten verantwortlich.\r\n\r\nBei direkten oder indirekten Verweisen auf fremde Webseiten (\u201eHyperlinks\u201c), die au\u00dferhalb des Verantwortungsbereiches des Autors liegen, w\u00fcrde eine Haftungsverpflichtung ausschlie\u00dflich in dem Fall in Kraft treten, in dem der Autor von den Inhalten Kenntnis hat und es ihm technisch m\u00f6glich und zumutbar w\u00e4re, die Nutzung im Falle rechtswidriger Inhalte zu verhindern.\r\n\r\nDer Autor erkl\u00e4rt hiermit ausdr\u00fccklich, dass zum Zeitpunkt der Linksetzung keine illegalen Inhalte oder m\u00f6gliche Rechtsverst\u00f6\u00dfe auf den zu verlinkenden Seiten erkennbar waren. Auf die aktuelle und zuk\u00fcnftige Gestaltung, die Inhalte oder die Urheberschaft der verlinkten \/ verkn\u00fcpften Seiten hat der Autor keinerlei Einfluss. Deshalb distanziert er sich hiermit ausdr\u00fccklich von allen Inhalten aller verlinkten \/ verkn\u00fcpften Seiten, die nach der Linksetzung ver\u00e4ndert wurden. Diese Feststellung gilt f\u00fcr alle innerhalb des eigenen Internetangebotes gesetzten Links und Verweise sowie f\u00fcr Fremdeintr\u00e4ge in vom Autor eingerichteten Gastartikeln, G\u00e4steb\u00fcchern, Diskussionsforen, Linkverzeichnissen, Mailinglisten und in allen anderen Formen von Datenbanken, auf deren Inhalt externe Schreibzugriffe m\u00f6glich sind. F\u00fcr illegale, fehlerhafte oder unvollst\u00e4ndige Inhalte und insbesondere f\u00fcr Sch\u00e4den, die aus der Nutzung oder Nichtnutzung solcherart dargebotener Informationen entstehen, haftet allein der Anbieter der Seite, auf welche verwiesen wurde, nicht derjenige, der \u00fcber Links auf die jeweilige Ver\u00f6ffentlichung lediglich verweist.\r\n\r\nBei Bekanntwerden von Rechtsverletzungen werden wir derartige Links umgehend entfernen.\r\n<h3>3. Urheber- und Kennzeichenrecht<\/h3>\r\nDie durch die Seitenbetreiber erstellten Inhalte und Werke auf diesen Seiten unterliegen dem deutschen Urheberrecht. Die Vervielf\u00e4ltigung, Bearbeitung, Verbreitung und jede Art der Verwertung au\u00dferhalb der Grenzen des Urheberrechtes bed\u00fcrfen der schriftlichen Zustimmung des jeweiligen Autors bzw. Erstellers. Downloads und Kopien dieser Seite sind nur f\u00fcr den privaten, nicht kommerziellen Gebrauch gestattet.\r\n\r\nDer Autor ist bestrebt, in allen Publikationen die Urheberrechte der verwendeten Bilder, Grafiken, Tondokumente, Videosequenzen und Texte zu beachten, von ihm selbst erstellte Bilder, Grafiken, Tondokumente, Videosequenzen und Texte zu nutzen oder auf lizenzfreie Grafiken, Tondokumente, Videosequenzen und Texte zur\u00fcckzugreifen.\r\n\r\nAlle innerhalb des Internetangebotes genannten und ggf. durch Dritte gesch\u00fctzten Marken- und Warenzeichen unterliegen uneingeschr\u00e4nkt den Bestimmungen des jeweils g\u00fcltigen Kennzeichenrechts und den Besitzrechten der jeweiligen eingetragenen Eigent\u00fcmer.\r\n\r\nAllein aufgrund der blo\u00dfen Nennung ist nicht der Schluss zu ziehen, dass Markenzeichen nicht durch Rechte Dritter gesch\u00fctzt sind!\r\n\r\nSollten Sie dennoch auf eine Urheberrechtsverletzung aufmerksam werden, bitten wir um eine Benachrichtigung. Bei Kenntnis von Urheberrechtsverletzungen werden wir die betreffenden Inhalte umgehend entfernen.\r\n<h3 class=\"headline\">Rechtswirksamkeit dieses Haftungsausschlusses<\/h3>\r\nDieser Haftungsausschluss ist als Teil des Internetangebotes zu betrachten, von dem aus auf diese Seite verwiesen wurde. Sofern Teile oder einzelne Formulierungen dieses Textes der geltenden Rechtslage nicht, nicht mehr oder nicht vollst\u00e4ndig entsprechen sollten, bleiben die \u00fcbrigen Teile des Dokumentes in ihrem Inhalt und ihrer G\u00fcltigkeit davon unber\u00fchrt.\r\n\r\n<strong>Hinweis:<\/strong>\u00a0<em>Vom Websiteinhaber angepasst<\/em>\r\n<a href=\"http:\/\/rechtsanwalt-schwenke.de\/smmr-buch\/datenschutz-muster-generator-fuer-webseiten-blogs-und-social-media\/\"><strong>Datenschutz-Muster von Rechtsanwalt Thomas Schwenke \u2013 I LAW it<\/strong><\/a>","_et_gb_content_width":"","footnotes":""},"class_list":["post-77","page","type-page","status-publish","hentry"],"yoast_head":"<!-- This site is optimized with the Yoast SEO plugin v27.5 - https:\/\/yoast.com\/product\/yoast-seo-wordpress\/ -->\n<title>Impressum - Hund-Trainieren.net<\/title>\n<meta name=\"robots\" content=\"index, nofollow, max-snippet:-1, max-image-preview:large, max-video-preview:-1\" \/>\n<link rel=\"canonical\" href=\"https:\/\/hund-trainieren.net\/?page_id=77\" \/>\n<meta property=\"og:locale\" content=\"de_DE\" \/>\n<meta property=\"og:type\" content=\"article\" \/>\n<meta property=\"og:title\" content=\"Impressum - Hund-Trainieren.net\" \/>\n<meta property=\"og:description\" content=\"Angaben gem\u00e4\u00df \u00a7 5 TMG: Robert BerndtLohm\u00fchlegasse Nr. 873230 Kirchheim unter Teck Telefon: 01525 \/ 728 4450E-Mail: info (at) hund (minus) trainieren (punkt) net\u00a0 Urheberrechtshinweis! Alle Inhalte dieses Internetangebotes, insbesondere Texte, Fotografien und Grafiken, sind urheberrechtlich gesch\u00fctzt (Copyright). Das Urheberrecht liegt, soweit nicht ausdr\u00fccklich anders gekennzeichnet, beim Webseitenbetreiber.\u00a0Wer gegen das Urheberrecht verst\u00f6\u00dft (z.B. die Inhalte [&hellip;]\" \/>\n<meta property=\"og:url\" content=\"https:\/\/hund-trainieren.net\/?page_id=77\" \/>\n<meta property=\"og:site_name\" content=\"Hund-Trainieren.net\" \/>\n<meta property=\"article:modified_time\" content=\"2020-05-25T15:20:10+00:00\" \/>\n<meta name=\"twitter:card\" content=\"summary_large_image\" \/>\n<meta name=\"twitter:label1\" content=\"Gesch\u00e4tzte Lesezeit\" \/>\n\t<meta name=\"twitter:data1\" content=\"5\u00a0Minuten\" \/>\n<script type=\"application\/ld+json\" class=\"yoast-schema-graph\">{\"@context\":\"https:\\\/\\\/schema.org\",\"@graph\":[{\"@type\":\"WebPage\",\"@id\":\"https:\\\/\\\/hund-trainieren.net\\\/?page_id=77\",\"url\":\"https:\\\/\\\/hund-trainieren.net\\\/?page_id=77\",\"name\":\"Impressum - Hund-Trainieren.net\",\"isPartOf\":{\"@id\":\"https:\\\/\\\/hund-trainieren.net\\\/#website\"},\"datePublished\":\"2017-11-06T11:33:44+00:00\",\"dateModified\":\"2020-05-25T15:20:10+00:00\",\"breadcrumb\":{\"@id\":\"https:\\\/\\\/hund-trainieren.net\\\/?page_id=77#breadcrumb\"},\"inLanguage\":\"de\",\"potentialAction\":[{\"@type\":\"ReadAction\",\"target\":[\"https:\\\/\\\/hund-trainieren.net\\\/?page_id=77\"]}]},{\"@type\":\"BreadcrumbList\",\"@id\":\"https:\\\/\\\/hund-trainieren.net\\\/?page_id=77#breadcrumb\",\"itemListElement\":[{\"@type\":\"ListItem\",\"position\":1,\"name\":\"Startseite\",\"item\":\"https:\\\/\\\/hund-trainieren.net\\\/\"},{\"@type\":\"ListItem\",\"position\":2,\"name\":\"Impressum\"}]},{\"@type\":\"WebSite\",\"@id\":\"https:\\\/\\\/hund-trainieren.net\\\/#website\",\"url\":\"https:\\\/\\\/hund-trainieren.net\\\/\",\"name\":\"Hund-Trainieren.net\",\"description\":\"Dein Weg zum gehorsamen Hund\",\"potentialAction\":[{\"@type\":\"SearchAction\",\"target\":{\"@type\":\"EntryPoint\",\"urlTemplate\":\"https:\\\/\\\/hund-trainieren.net\\\/?s={search_term_string}\"},\"query-input\":{\"@type\":\"PropertyValueSpecification\",\"valueRequired\":true,\"valueName\":\"search_term_string\"}}],\"inLanguage\":\"de\"}]}<\/script>\n<!-- \/ Yoast SEO plugin. -->","yoast_head_json":{"title":"Impressum - Hund-Trainieren.net","robots":{"index":"index","follow":"nofollow","max-snippet":"max-snippet:-1","max-image-preview":"max-image-preview:large","max-video-preview":"max-video-preview:-1"},"canonical":"https:\/\/hund-trainieren.net\/?page_id=77","og_locale":"de_DE","og_type":"article","og_title":"Impressum - Hund-Trainieren.net","og_description":"Angaben gem\u00e4\u00df \u00a7 5 TMG: Robert BerndtLohm\u00fchlegasse Nr. 873230 Kirchheim unter Teck Telefon: 01525 \/ 728 4450E-Mail: info (at) hund (minus) trainieren (punkt) net\u00a0 Urheberrechtshinweis! Alle Inhalte dieses Internetangebotes, insbesondere Texte, Fotografien und Grafiken, sind urheberrechtlich gesch\u00fctzt (Copyright). Das Urheberrecht liegt, soweit nicht ausdr\u00fccklich anders gekennzeichnet, beim Webseitenbetreiber.\u00a0Wer gegen das Urheberrecht verst\u00f6\u00dft (z.B. die Inhalte [&hellip;]","og_url":"https:\/\/hund-trainieren.net\/?page_id=77","og_site_name":"Hund-Trainieren.net","article_modified_time":"2020-05-25T15:20:10+00:00","twitter_card":"summary_large_image","twitter_misc":{"Gesch\u00e4tzte Lesezeit":"5\u00a0Minuten"},"schema":{"@context":"https:\/\/schema.org","@graph":[{"@type":"WebPage","@id":"https:\/\/hund-trainieren.net\/?page_id=77","url":"https:\/\/hund-trainieren.net\/?page_id=77","name":"Impressum - Hund-Trainieren.net","isPartOf":{"@id":"https:\/\/hund-trainieren.net\/#website"},"datePublished":"2017-11-06T11:33:44+00:00","dateModified":"2020-05-25T15:20:10+00:00","breadcrumb":{"@id":"https:\/\/hund-trainieren.net\/?page_id=77#breadcrumb"},"inLanguage":"de","potentialAction":[{"@type":"ReadAction","target":["https:\/\/hund-trainieren.net\/?page_id=77"]}]},{"@type":"BreadcrumbList","@id":"https:\/\/hund-trainieren.net\/?page_id=77#breadcrumb","itemListElement":[{"@type":"ListItem","position":1,"name":"Startseite","item":"https:\/\/hund-trainieren.net\/"},{"@type":"ListItem","position":2,"name":"Impressum"}]},{"@type":"WebSite","@id":"https:\/\/hund-trainieren.net\/#website","url":"https:\/\/hund-trainieren.net\/","name":"Hund-Trainieren.net","description":"Dein Weg zum gehorsamen Hund","potentialAction":[{"@type":"SearchAction","target":{"@type":"EntryPoint","urlTemplate":"https:\/\/hund-trainieren.net\/?s={search_term_string}"},"query-input":{"@type":"PropertyValueSpecification","valueRequired":true,"valueName":"search_term_string"}}],"inLanguage":"de"}]}},"_links":{"self":[{"href":"https:\/\/hund-trainieren.net\/index.php?rest_route=\/wp\/v2\/pages\/77","targetHints":{"allow":["GET"]}}],"collection":[{"href":"https:\/\/hund-trainieren.net\/index.php?rest_route=\/wp\/v2\/pages"}],"about":[{"href":"https:\/\/hund-trainieren.net\/index.php?rest_route=\/wp\/v2\/types\/page"}],"author":[{"embeddable":true,"href":"https:\/\/hund-trainieren.net\/index.php?rest_route=\/wp\/v2\/users\/2"}],"replies":[{"embeddable":true,"href":"https:\/\/hund-trainieren.net\/index.php?rest_route=%2Fwp%2Fv2%2Fcomments&post=77"}],"version-history":[{"count":4,"href":"https:\/\/hund-trainieren.net\/index.php?rest_route=\/wp\/v2\/pages\/77\/revisions"}],"predecessor-version":[{"id":570,"href":"https:\/\/hund-trainieren.net\/index.php?rest_route=\/wp\/v2\/pages\/77\/revisions\/570"}],"wp:attachment":[{"href":"https:\/\/hund-trainieren.net\/index.php?rest_route=%2Fwp%2Fv2%2Fmedia&parent=77"}],"curies":[{"name":"wp","href":"https:\/\/api.w.org\/{rel}","templated":true}]}}