{"id":315,"date":"2017-11-03T16:33:26","date_gmt":"2017-11-03T15:33:26","guid":{"rendered":"https:\/\/www.gruender.de\/demo\/business-fix-fertig\/versicherungen\/?page_id=2"},"modified":"2021-01-11T19:36:54","modified_gmt":"2021-01-11T18:36:54","slug":"startseite","status":"publish","type":"page","link":"https:\/\/hund-trainieren.net\/","title":{"rendered":"Startseite"},"content":{"rendered":"<p>[et_pb_section fb_built=&#8220;1&#8243; fullwidth=&#8220;on&#8220; _builder_version=&#8220;4.0.6&#8243; custom_padding=&#8220;1px|||||&#8220;][et_pb_fullwidth_slider _builder_version=&#8220;4.1&#8243; background_image=&#8220;http:\/\/hund-trainieren.net\/wp-content\/uploads\/2019\/11\/Depositphotos_8148810_xl-2015.jpg&#8220; box_shadow_style=&#8220;preset6&#8243; box_shadow_blur=&#8220;10px&#8220; box_shadow_color=&#8220;rgba(0,0,0,0.1)&#8220; button_text_size__hover_enabled=&#8220;off&#8220; button_one_text_size__hover_enabled=&#8220;off&#8220; button_two_text_size__hover_enabled=&#8220;off&#8220; button_text_color__hover_enabled=&#8220;off&#8220; button_one_text_color__hover_enabled=&#8220;off&#8220; button_two_text_color__hover_enabled=&#8220;off&#8220; button_border_width__hover_enabled=&#8220;off&#8220; button_one_border_width__hover_enabled=&#8220;off&#8220; button_two_border_width__hover_enabled=&#8220;off&#8220; button_border_color__hover_enabled=&#8220;off&#8220; button_one_border_color__hover_enabled=&#8220;off&#8220; button_two_border_color__hover_enabled=&#8220;off&#8220; button_border_radius__hover_enabled=&#8220;off&#8220; button_one_border_radius__hover_enabled=&#8220;off&#8220; button_two_border_radius__hover_enabled=&#8220;off&#8220; button_letter_spacing__hover_enabled=&#8220;off&#8220; button_one_letter_spacing__hover_enabled=&#8220;off&#8220; button_two_letter_spacing__hover_enabled=&#8220;off&#8220; button_bg_color__hover_enabled=&#8220;off&#8220; button_one_bg_color__hover_enabled=&#8220;off&#8220; button_two_bg_color__hover_enabled=&#8220;off&#8220;][et_pb_slide heading=&#8220;Hundetraining f\u00fcr Zuhause&#8220; button_text=&#8220;Mehr Informationen&#8220; button_link=&#8220;http:\/\/hund-trainieren.net\/jetzt-anmelden\/&#8220; use_bg_overlay=&#8220;off&#8220; use_text_overlay=&#8220;off&#8220; _builder_version=&#8220;4.1&#8243; header_level=&#8220;h1&#8243; header_font=&#8220;|600|||||||&#8220; header_font_size=&#8220;52px&#8220; body_font=&#8220;||||||||&#8220; background_color=&#8220;#ffffff&#8220; background_image=&#8220;https:\/\/hund-trainieren.net\/wp-content\/uploads\/2019\/11\/Depositphotos_22165077_xl-2015-scaled.jpg&#8220; background_enable_image=&#8220;on&#8220; custom_button=&#8220;on&#8220; button_font=&#8220;||||||||&#8220; button_use_icon=&#8220;on&#8220; button_icon=&#8220;%%36%%&#8220; button_icon_placement=&#8220;right&#8220; button_on_hover=&#8220;off&#8220; text_orientation=&#8220;left&#8220; header_font_size_tablet=&#8220;52px&#8220; header_font_size_phone=&#8220;52px&#8220; header_text_shadow_style=&#8220;preset4&#8243; header_text_shadow_vertical_length=&#8220;0.05em&#8220; header_text_shadow_color=&#8220;rgba(255,255,255,0.4)&#8220; text_shadow_style=&#8220;preset5&#8243; text_shadow_color=&#8220;rgba(244,244,244,0.4)&#8220; button_text_color_hover=&#8220;#ffffff&#8220; button_text_size__hover_enabled=&#8220;off&#8220; button_one_text_size__hover_enabled=&#8220;off&#8220; button_two_text_size__hover_enabled=&#8220;off&#8220; button_text_color__hover_enabled=&#8220;on&#8220; button_text_color__hover=&#8220;#ffffff&#8220; button_one_text_color__hover_enabled=&#8220;off&#8220; button_two_text_color__hover_enabled=&#8220;off&#8220; button_border_width__hover_enabled=&#8220;off&#8220; button_one_border_width__hover_enabled=&#8220;off&#8220; button_two_border_width__hover_enabled=&#8220;off&#8220; button_border_color__hover_enabled=&#8220;off&#8220; button_one_border_color__hover_enabled=&#8220;off&#8220; button_two_border_color__hover_enabled=&#8220;off&#8220; button_border_radius__hover_enabled=&#8220;off&#8220; button_one_border_radius__hover_enabled=&#8220;off&#8220; button_two_border_radius__hover_enabled=&#8220;off&#8220; button_letter_spacing__hover_enabled=&#8220;off&#8220; button_one_letter_spacing__hover_enabled=&#8220;off&#8220; button_two_letter_spacing__hover_enabled=&#8220;off&#8220; button_bg_color__hover_enabled=&#8220;off&#8220; button_one_bg_color__hover_enabled=&#8220;off&#8220; button_two_bg_color__hover_enabled=&#8220;off&#8220; sticky_transition=&#8220;on&#8220;]Erfahre, wie du mit einfachen Mitteln aus deinem wilden Racker einen zahmen Engel machst.<br \/>\n[\/et_pb_slide][\/et_pb_fullwidth_slider][\/et_pb_section][et_pb_section fb_built=&#8220;1&#8243; _builder_version=&#8220;4.0.6&#8243; use_background_color_gradient=&#8220;on&#8220; background_color_gradient_start=&#8220;rgba(0,0,0,0.11)&#8220; background_color_gradient_end=&#8220;rgba(0,0,0,0.13)&#8220; background_enable_image=&#8220;off&#8220;][et_pb_row _builder_version=&#8220;3.25&#8243; background_size=&#8220;initial&#8220; background_position=&#8220;top_left&#8220; background_repeat=&#8220;repeat&#8220;][et_pb_column type=&#8220;4_4&#8243; _builder_version=&#8220;3.25&#8243; custom_padding=&#8220;|||&#8220; custom_padding__hover=&#8220;|||&#8220;][et_pb_text _builder_version=&#8220;3.27.4&#8243;]<\/p>\n<h2 style=\"text-align: center;\">Mehr \u00fcber Hundetraining erfahren<\/h2>\n<p>[\/et_pb_text][\/et_pb_column][\/et_pb_row][et_pb_row column_structure=&#8220;1_4,1_4,1_4,1_4&#8243; _builder_version=&#8220;3.25&#8243;][et_pb_column type=&#8220;1_4&#8243; _builder_version=&#8220;3.25&#8243; custom_padding=&#8220;|||&#8220; custom_padding__hover=&#8220;|||&#8220;][et_pb_button button_url=&#8220;http:\/\/hund-trainieren.net\/hund-erziehen\/&#8220; button_text=&#8220;Hundeerziehung&#8220; button_alignment=&#8220;center&#8220; _builder_version=&#8220;4.4.6&#8243; button_text_size__hover_enabled=&#8220;off&#8220; button_one_text_size__hover_enabled=&#8220;off&#8220; button_two_text_size__hover_enabled=&#8220;off&#8220; button_text_color__hover_enabled=&#8220;off&#8220; button_one_text_color__hover_enabled=&#8220;off&#8220; button_two_text_color__hover_enabled=&#8220;off&#8220; button_border_width__hover_enabled=&#8220;off&#8220; button_one_border_width__hover_enabled=&#8220;off&#8220; button_two_border_width__hover_enabled=&#8220;off&#8220; button_border_color__hover_enabled=&#8220;off&#8220; button_one_border_color__hover_enabled=&#8220;off&#8220; button_two_border_color__hover_enabled=&#8220;off&#8220; button_border_radius__hover_enabled=&#8220;off&#8220; button_one_border_radius__hover_enabled=&#8220;off&#8220; button_two_border_radius__hover_enabled=&#8220;off&#8220; button_letter_spacing__hover_enabled=&#8220;off&#8220; button_one_letter_spacing__hover_enabled=&#8220;off&#8220; button_two_letter_spacing__hover_enabled=&#8220;off&#8220; button_bg_color__hover_enabled=&#8220;off&#8220; button_one_bg_color__hover_enabled=&#8220;off&#8220; button_two_bg_color__hover_enabled=&#8220;off&#8220;]&nbsp;<br \/>\n[\/et_pb_button][\/et_pb_column][et_pb_column type=&#8220;1_4&#8243; _builder_version=&#8220;3.25&#8243; custom_padding=&#8220;|||&#8220; custom_padding__hover=&#8220;|||&#8220;][et_pb_button button_url=&#8220;http:\/\/hund-trainieren.net\/jagdverhalten-kontrollieren\/&#8220; button_text=&#8220;Jagdverhalten&#8220; button_alignment=&#8220;center&#8220; _builder_version=&#8220;3.16&#8243; button_text_size__hover_enabled=&#8220;off&#8220; button_one_text_size__hover_enabled=&#8220;off&#8220; button_two_text_size__hover_enabled=&#8220;off&#8220; button_text_color__hover_enabled=&#8220;off&#8220; button_one_text_color__hover_enabled=&#8220;off&#8220; button_two_text_color__hover_enabled=&#8220;off&#8220; button_border_width__hover_enabled=&#8220;off&#8220; button_one_border_width__hover_enabled=&#8220;off&#8220; button_two_border_width__hover_enabled=&#8220;off&#8220; button_border_color__hover_enabled=&#8220;off&#8220; button_one_border_color__hover_enabled=&#8220;off&#8220; button_two_border_color__hover_enabled=&#8220;off&#8220; button_border_radius__hover_enabled=&#8220;off&#8220; button_one_border_radius__hover_enabled=&#8220;off&#8220; button_two_border_radius__hover_enabled=&#8220;off&#8220; button_letter_spacing__hover_enabled=&#8220;off&#8220; button_one_letter_spacing__hover_enabled=&#8220;off&#8220; button_two_letter_spacing__hover_enabled=&#8220;off&#8220; button_bg_color__hover_enabled=&#8220;off&#8220; button_one_bg_color__hover_enabled=&#8220;off&#8220; button_two_bg_color__hover_enabled=&#8220;off&#8220;]&nbsp;<br \/>\n[\/et_pb_button][\/et_pb_column][et_pb_column type=&#8220;1_4&#8243; _builder_version=&#8220;3.25&#8243; custom_padding=&#8220;|||&#8220; custom_padding__hover=&#8220;|||&#8220;][et_pb_button button_url=&#8220;http:\/\/hund-trainieren.net\/training-mit-klicker\/&#8220; button_text=&#8220;Klickertraining&#8220; button_alignment=&#8220;center&#8220; _builder_version=&#8220;4.4.6&#8243; button_text_size__hover_enabled=&#8220;off&#8220; button_one_text_size__hover_enabled=&#8220;off&#8220; button_two_text_size__hover_enabled=&#8220;off&#8220; button_text_color__hover_enabled=&#8220;off&#8220; button_one_text_color__hover_enabled=&#8220;off&#8220; button_two_text_color__hover_enabled=&#8220;off&#8220; button_border_width__hover_enabled=&#8220;off&#8220; button_one_border_width__hover_enabled=&#8220;off&#8220; button_two_border_width__hover_enabled=&#8220;off&#8220; button_border_color__hover_enabled=&#8220;off&#8220; button_one_border_color__hover_enabled=&#8220;off&#8220; button_two_border_color__hover_enabled=&#8220;off&#8220; button_border_radius__hover_enabled=&#8220;off&#8220; button_one_border_radius__hover_enabled=&#8220;off&#8220; button_two_border_radius__hover_enabled=&#8220;off&#8220; button_letter_spacing__hover_enabled=&#8220;off&#8220; button_one_letter_spacing__hover_enabled=&#8220;off&#8220; button_two_letter_spacing__hover_enabled=&#8220;off&#8220; button_bg_color__hover_enabled=&#8220;off&#8220; button_one_bg_color__hover_enabled=&#8220;off&#8220; button_two_bg_color__hover_enabled=&#8220;off&#8220;]&nbsp;<br \/>\n[\/et_pb_button][\/et_pb_column][et_pb_column type=&#8220;1_4&#8243; _builder_version=&#8220;3.25&#8243; custom_padding=&#8220;|||&#8220; custom_padding__hover=&#8220;|||&#8220;][et_pb_button button_url=&#8220;http:\/\/hund-trainieren.net\/mit-hund-spielen\/&#8220; button_text=&#8220;Hundespiele&#8220; button_alignment=&#8220;center&#8220; _builder_version=&#8220;3.16&#8243; button_text_size__hover_enabled=&#8220;off&#8220; button_one_text_size__hover_enabled=&#8220;off&#8220; button_two_text_size__hover_enabled=&#8220;off&#8220; button_text_color__hover_enabled=&#8220;off&#8220; button_one_text_color__hover_enabled=&#8220;off&#8220; button_two_text_color__hover_enabled=&#8220;off&#8220; button_border_width__hover_enabled=&#8220;off&#8220; button_one_border_width__hover_enabled=&#8220;off&#8220; button_two_border_width__hover_enabled=&#8220;off&#8220; button_border_color__hover_enabled=&#8220;off&#8220; button_one_border_color__hover_enabled=&#8220;off&#8220; button_two_border_color__hover_enabled=&#8220;off&#8220; button_border_radius__hover_enabled=&#8220;off&#8220; button_one_border_radius__hover_enabled=&#8220;off&#8220; button_two_border_radius__hover_enabled=&#8220;off&#8220; button_letter_spacing__hover_enabled=&#8220;off&#8220; button_one_letter_spacing__hover_enabled=&#8220;off&#8220; button_two_letter_spacing__hover_enabled=&#8220;off&#8220; button_bg_color__hover_enabled=&#8220;off&#8220; button_one_bg_color__hover_enabled=&#8220;off&#8220; button_two_bg_color__hover_enabled=&#8220;off&#8220;]&nbsp;<br \/>\n[\/et_pb_button][\/et_pb_column][\/et_pb_row][\/et_pb_section][et_pb_section fb_built=&#8220;1&#8243; _builder_version=&#8220;3.22&#8243;][et_pb_row column_structure=&#8220;1_2,1_2&#8243; _builder_version=&#8220;3.25&#8243;][et_pb_column type=&#8220;1_2&#8243; _builder_version=&#8220;3.25&#8243; custom_padding=&#8220;|||&#8220; custom_padding__hover=&#8220;|||&#8220;][et_pb_blurb title=&#8220;So wird jeder Hund dizipliniert&#8220; _builder_version=&#8220;3.0.85&#8243; header_level=&#8220;h2&#8243; header_font=&#8220;|600|||||||&#8220; header_text_align=&#8220;center&#8220; body_font=&#8220;||||||||&#8220; body_text_align=&#8220;center&#8220; body_font_size=&#8220;17px&#8220;]<\/p>\n<p>Ein Hund ist mehr als nur ein Tier, er ist ein Teil der Familie. Damit die Harmonie stimmt, darf auch die Erziehung nicht untersch\u00e4tzt werden.<\/p>\n<p>Ein Hundetrainer kann schnell sehr teuer werden, viel g\u00fcnstiger und genauso gut geht es mit Online-Videokursen.<\/p>\n<p>Erfahre auf dieser Seite alles \u00fcber Trainingsmethoden f\u00fcr deinen Hund und warum ein Onlinekurs ein geeigneter und g\u00fcnstiger Einstieg in das Thema Hundeerziehung sein kann.<\/p>\n<p>[\/et_pb_blurb][et_pb_button button_url=&#8220;http:\/\/hund-trainieren.net\/jetzt-anmelden\/&#8220; button_text=&#8220;Mehr erfahren&#8220; button_alignment=&#8220;center&#8220; _builder_version=&#8220;3.16&#8243; button_text_size__hover_enabled=&#8220;off&#8220; button_one_text_size__hover_enabled=&#8220;off&#8220; button_two_text_size__hover_enabled=&#8220;off&#8220; button_text_color__hover_enabled=&#8220;off&#8220; button_one_text_color__hover_enabled=&#8220;off&#8220; button_two_text_color__hover_enabled=&#8220;off&#8220; button_border_width__hover_enabled=&#8220;off&#8220; button_one_border_width__hover_enabled=&#8220;off&#8220; button_two_border_width__hover_enabled=&#8220;off&#8220; button_border_color__hover_enabled=&#8220;off&#8220; button_one_border_color__hover_enabled=&#8220;off&#8220; button_two_border_color__hover_enabled=&#8220;off&#8220; button_border_radius__hover_enabled=&#8220;off&#8220; button_one_border_radius__hover_enabled=&#8220;off&#8220; button_two_border_radius__hover_enabled=&#8220;off&#8220; button_letter_spacing__hover_enabled=&#8220;off&#8220; button_one_letter_spacing__hover_enabled=&#8220;off&#8220; button_two_letter_spacing__hover_enabled=&#8220;off&#8220; button_bg_color__hover_enabled=&#8220;off&#8220; button_one_bg_color__hover_enabled=&#8220;off&#8220; button_two_bg_color__hover_enabled=&#8220;off&#8220;][\/et_pb_button][\/et_pb_column][et_pb_column type=&#8220;1_2&#8243; _builder_version=&#8220;3.25&#8243; custom_padding=&#8220;|||&#8220; custom_padding__hover=&#8220;|||&#8220;][et_pb_image src=&#8220;http:\/\/hund-trainieren.net\/wp-content\/uploads\/2019\/11\/Depositphotos_206896770_xl-2015.jpg&#8220; align_tablet=&#8220;center&#8220; align_phone=&#8220;&#8220; align_last_edited=&#8220;on|desktop&#8220; _builder_version=&#8220;4.0.6&#8243;]&nbsp;<br \/>\n[\/et_pb_image][et_pb_button _builder_version=&#8220;3.16&#8243; button_text_size__hover_enabled=&#8220;off&#8220; button_one_text_size__hover_enabled=&#8220;off&#8220; button_two_text_size__hover_enabled=&#8220;off&#8220; button_text_color__hover_enabled=&#8220;off&#8220; button_one_text_color__hover_enabled=&#8220;off&#8220; button_two_text_color__hover_enabled=&#8220;off&#8220; button_border_width__hover_enabled=&#8220;off&#8220; button_one_border_width__hover_enabled=&#8220;off&#8220; button_two_border_width__hover_enabled=&#8220;off&#8220; button_border_color__hover_enabled=&#8220;off&#8220; button_one_border_color__hover_enabled=&#8220;off&#8220; button_two_border_color__hover_enabled=&#8220;off&#8220; button_border_radius__hover_enabled=&#8220;off&#8220; button_one_border_radius__hover_enabled=&#8220;off&#8220; button_two_border_radius__hover_enabled=&#8220;off&#8220; button_letter_spacing__hover_enabled=&#8220;off&#8220; button_one_letter_spacing__hover_enabled=&#8220;off&#8220; button_two_letter_spacing__hover_enabled=&#8220;off&#8220; button_bg_color__hover_enabled=&#8220;off&#8220; button_one_bg_color__hover_enabled=&#8220;off&#8220; button_two_bg_color__hover_enabled=&#8220;off&#8220;]&nbsp;<br \/>\n[\/et_pb_button][\/et_pb_column][\/et_pb_row][\/et_pb_section]<\/p>\n","protected":false},"excerpt":{"rendered":"<p>Erfahre, wie du mit einfachen Mitteln aus deinem wilden Racker einen zahmen Engel machst. Mehr \u00fcber Hundetraining erfahren &nbsp; &nbsp; &nbsp; &nbsp; Ein Hund ist mehr als nur ein Tier, er ist ein Teil der Familie. Damit die Harmonie stimmt, darf auch die Erziehung nicht untersch\u00e4tzt werden. Ein Hundetrainer kann schnell sehr teuer werden, viel [&hellip;]<\/p>\n","protected":false},"author":2,"featured_media":0,"parent":0,"menu_order":0,"comment_status":"closed","ping_status":"closed","template":"","meta":{"_et_pb_use_builder":"on","_et_pb_old_content":"<p>Dies ist eine Beispiel-Seite. Sie unterscheidet sich von Beitr\u00e4gen, da sie stets an der selben Stelle bleibt und (bei den meisten Themes) in der Navigation angezeigt wird. Die meisten Leute starten mit einem Impressum oder einer \u201e\u00dcber uns\u201c-Seite mit einer Vorstellung f\u00fcr m\u00f6gliche Besucher der Website. Dort k\u00f6nnte zum Beispiel stehen:<\/p><blockquote><p>Hallo! Tags\u00fcber arbeite ich als Fahrradkurier, nachts bin ich ein aufstrebender Schauspieler und dies hier ist meine Website. Ich lebe in Berlin, habe einen gro\u00dfen Hund namens Jack, mag Pi\u00f1a Coladas, jedoch weniger (ohne Schirm) im Regen stehen gelassen zu werden.<\/p><\/blockquote><p>...oder sowas wie:<\/p><blockquote><p>Unsere Firma XYZ wurde 1971 gegr\u00fcndet und hat seither eine Menge hochqualitativen ABC f\u00fcr die \u00d6ffentlichkeit produziert. Ans\u00e4ssig in Gotham City, hat XYZ mittlerweile \u00fcber 2,000 Mitarbeiter und entwickelt immer wieder gro\u00dfartige Dinge f\u00fcr die ganze Gotham Gemeinschaft.<\/p><\/blockquote><p>Als neuer WordPress-Nutzer solltest du das <a href=\"https:\/\/www.gruender.de\/demo\/business-fix-fertig\/versicherungen\/wp-admin\/\">Dashboard<\/a> aufrufen, um diese Seite zu l\u00f6schen und statt dessen eine neue Seite mit deinen eigenen Inhalten erstellen. Viel Spa\u00df!<\/p>","_et_gb_content_width":"","footnotes":""},"class_list":["post-315","page","type-page","status-publish","hentry"],"yoast_head":"<!-- This site is optimized with the Yoast SEO plugin v27.5 - https:\/\/yoast.com\/product\/yoast-seo-wordpress\/ -->\n<title>Startseite - Hund-Trainieren.net<\/title>\n<meta name=\"description\" content=\"Der Hund h\u00f6rt nicht so wie er soll? Ein Hundetrainer ist zu teuer? Dann ist unsere Seite genau das Richtige f\u00fcr Sie. \u2713 Mehr \u00fcber Hundetraining erfahren!\" \/>\n<meta name=\"robots\" content=\"index, follow, max-snippet:-1, max-image-preview:large, max-video-preview:-1\" \/>\n<link rel=\"canonical\" href=\"https:\/\/hund-trainieren.net\/\" \/>\n<meta property=\"og:locale\" content=\"de_DE\" \/>\n<meta property=\"og:type\" content=\"article\" \/>\n<meta property=\"og:title\" content=\"Startseite - Hund-Trainieren.net\" \/>\n<meta property=\"og:description\" content=\"Der Hund h\u00f6rt nicht so wie er soll? Ein Hundetrainer ist zu teuer? Dann ist unsere Seite genau das Richtige f\u00fcr Sie. \u2713 Mehr \u00fcber Hundetraining erfahren!\" \/>\n<meta property=\"og:url\" content=\"https:\/\/hund-trainieren.net\/\" \/>\n<meta property=\"og:site_name\" content=\"Hund-Trainieren.net\" \/>\n<meta property=\"article:modified_time\" content=\"2021-01-11T18:36:54+00:00\" \/>\n<meta name=\"twitter:card\" content=\"summary_large_image\" \/>\n<meta name=\"twitter:label1\" content=\"Gesch\u00e4tzte Lesezeit\" \/>\n\t<meta name=\"twitter:data1\" content=\"9\u00a0Minuten\" \/>\n<script type=\"application\/ld+json\" class=\"yoast-schema-graph\">{\"@context\":\"https:\\\/\\\/schema.org\",\"@graph\":[{\"@type\":\"WebPage\",\"@id\":\"https:\\\/\\\/hund-trainieren.net\\\/\",\"url\":\"https:\\\/\\\/hund-trainieren.net\\\/\",\"name\":\"Startseite - Hund-Trainieren.net\",\"isPartOf\":{\"@id\":\"https:\\\/\\\/hund-trainieren.net\\\/#website\"},\"datePublished\":\"2017-11-03T15:33:26+00:00\",\"dateModified\":\"2021-01-11T18:36:54+00:00\",\"description\":\"Der Hund h\u00f6rt nicht so wie er soll? Ein Hundetrainer ist zu teuer? Dann ist unsere Seite genau das Richtige f\u00fcr Sie. \u2713 Mehr \u00fcber Hundetraining erfahren!\",\"breadcrumb\":{\"@id\":\"https:\\\/\\\/hund-trainieren.net\\\/#breadcrumb\"},\"inLanguage\":\"de\",\"potentialAction\":[{\"@type\":\"ReadAction\",\"target\":[\"https:\\\/\\\/hund-trainieren.net\\\/\"]}]},{\"@type\":\"BreadcrumbList\",\"@id\":\"https:\\\/\\\/hund-trainieren.net\\\/#breadcrumb\",\"itemListElement\":[{\"@type\":\"ListItem\",\"position\":1,\"name\":\"Startseite\",\"item\":\"https:\\\/\\\/hund-trainieren.net\\\/\"},{\"@type\":\"ListItem\",\"position\":2,\"name\":\"Startseite\"}]},{\"@type\":\"WebSite\",\"@id\":\"https:\\\/\\\/hund-trainieren.net\\\/#website\",\"url\":\"https:\\\/\\\/hund-trainieren.net\\\/\",\"name\":\"Hund-Trainieren.net\",\"description\":\"Dein Weg zum gehorsamen Hund\",\"potentialAction\":[{\"@type\":\"SearchAction\",\"target\":{\"@type\":\"EntryPoint\",\"urlTemplate\":\"https:\\\/\\\/hund-trainieren.net\\\/?s={search_term_string}\"},\"query-input\":{\"@type\":\"PropertyValueSpecification\",\"valueRequired\":true,\"valueName\":\"search_term_string\"}}],\"inLanguage\":\"de\"}]}<\/script>\n<!-- \/ Yoast SEO plugin. -->","yoast_head_json":{"title":"Startseite - Hund-Trainieren.net","description":"Der Hund h\u00f6rt nicht so wie er soll? Ein Hundetrainer ist zu teuer? Dann ist unsere Seite genau das Richtige f\u00fcr Sie. \u2713 Mehr \u00fcber Hundetraining erfahren!","robots":{"index":"index","follow":"follow","max-snippet":"max-snippet:-1","max-image-preview":"max-image-preview:large","max-video-preview":"max-video-preview:-1"},"canonical":"https:\/\/hund-trainieren.net\/","og_locale":"de_DE","og_type":"article","og_title":"Startseite - Hund-Trainieren.net","og_description":"Der Hund h\u00f6rt nicht so wie er soll? Ein Hundetrainer ist zu teuer? Dann ist unsere Seite genau das Richtige f\u00fcr Sie. \u2713 Mehr \u00fcber Hundetraining erfahren!","og_url":"https:\/\/hund-trainieren.net\/","og_site_name":"Hund-Trainieren.net","article_modified_time":"2021-01-11T18:36:54+00:00","twitter_card":"summary_large_image","twitter_misc":{"Gesch\u00e4tzte Lesezeit":"9\u00a0Minuten"},"schema":{"@context":"https:\/\/schema.org","@graph":[{"@type":"WebPage","@id":"https:\/\/hund-trainieren.net\/","url":"https:\/\/hund-trainieren.net\/","name":"Startseite - Hund-Trainieren.net","isPartOf":{"@id":"https:\/\/hund-trainieren.net\/#website"},"datePublished":"2017-11-03T15:33:26+00:00","dateModified":"2021-01-11T18:36:54+00:00","description":"Der Hund h\u00f6rt nicht so wie er soll? Ein Hundetrainer ist zu teuer? Dann ist unsere Seite genau das Richtige f\u00fcr Sie. \u2713 Mehr \u00fcber Hundetraining erfahren!","breadcrumb":{"@id":"https:\/\/hund-trainieren.net\/#breadcrumb"},"inLanguage":"de","potentialAction":[{"@type":"ReadAction","target":["https:\/\/hund-trainieren.net\/"]}]},{"@type":"BreadcrumbList","@id":"https:\/\/hund-trainieren.net\/#breadcrumb","itemListElement":[{"@type":"ListItem","position":1,"name":"Startseite","item":"https:\/\/hund-trainieren.net\/"},{"@type":"ListItem","position":2,"name":"Startseite"}]},{"@type":"WebSite","@id":"https:\/\/hund-trainieren.net\/#website","url":"https:\/\/hund-trainieren.net\/","name":"Hund-Trainieren.net","description":"Dein Weg zum gehorsamen Hund","potentialAction":[{"@type":"SearchAction","target":{"@type":"EntryPoint","urlTemplate":"https:\/\/hund-trainieren.net\/?s={search_term_string}"},"query-input":{"@type":"PropertyValueSpecification","valueRequired":true,"valueName":"search_term_string"}}],"inLanguage":"de"}]}},"_links":{"self":[{"href":"https:\/\/hund-trainieren.net\/index.php?rest_route=\/wp\/v2\/pages\/315","targetHints":{"allow":["GET"]}}],"collection":[{"href":"https:\/\/hund-trainieren.net\/index.php?rest_route=\/wp\/v2\/pages"}],"about":[{"href":"https:\/\/hund-trainieren.net\/index.php?rest_route=\/wp\/v2\/types\/page"}],"author":[{"embeddable":true,"href":"https:\/\/hund-trainieren.net\/index.php?rest_route=\/wp\/v2\/users\/2"}],"replies":[{"embeddable":true,"href":"https:\/\/hund-trainieren.net\/index.php?rest_route=%2Fwp%2Fv2%2Fcomments&post=315"}],"version-history":[{"count":9,"href":"https:\/\/hund-trainieren.net\/index.php?rest_route=\/wp\/v2\/pages\/315\/revisions"}],"predecessor-version":[{"id":586,"href":"https:\/\/hund-trainieren.net\/index.php?rest_route=\/wp\/v2\/pages\/315\/revisions\/586"}],"wp:attachment":[{"href":"https:\/\/hund-trainieren.net\/index.php?rest_route=%2Fwp%2Fv2%2Fmedia&parent=315"}],"curies":[{"name":"wp","href":"https:\/\/api.w.org\/{rel}","templated":true}]}}