{"id":248,"date":"2017-11-03T20:23:15","date_gmt":"2017-11-03T19:23:15","guid":{"rendered":"https:\/\/www.gruender.de\/demo\/business-fix-fertig\/hundetrainer\/jagtverhalten-kontrollieren-duplikat\/"},"modified":"2020-01-14T16:29:10","modified_gmt":"2020-01-14T15:29:10","slug":"training-mit-klicker","status":"publish","type":"page","link":"https:\/\/hund-trainieren.net\/?page_id=248","title":{"rendered":"Training mit Klicker"},"content":{"rendered":"<p>[et_pb_section fb_built=&#8220;1&#8243; fullwidth=&#8220;on&#8220; _builder_version=&#8220;3.22&#8243;][et_pb_fullwidth_header title=&#8220;Training mit Klicker&#8220; header_scroll_down=&#8220;on&#8220; scroll_down_icon=&#8220;%%8%%&#8220; scroll_down_icon_color=&#8220;#636363&#8243; _builder_version=&#8220;4.1&#8243; title_text_color=&#8220;#ffffff&#8220; title_font_size=&#8220;38px&#8220; background_color=&#8220;rgba(255, 255, 255, 0)&#8220; background_image=&#8220;https:\/\/hund-trainieren.net\/wp-content\/uploads\/2019\/11\/Depositphotos_172676494_xl-2015-scaled.jpg&#8220; background_layout=&#8220;light&#8220; custom_padding=&#8220;200px||200px|&#8220; hover_enabled=&#8220;0&#8243; title_text_shadow_style=&#8220;preset5&#8243; title_text_shadow_horizontal_length=&#8220;0.05em&#8220; title_text_shadow_vertical_length=&#8220;0.05em&#8220; title_text_shadow_color=&#8220;rgba(12,12,12,0.4)&#8220; button_one_text_size__hover_enabled=&#8220;off&#8220; button_two_text_size__hover_enabled=&#8220;off&#8220; button_one_text_color__hover_enabled=&#8220;off&#8220; button_two_text_color__hover_enabled=&#8220;off&#8220; button_one_border_width__hover_enabled=&#8220;off&#8220; button_two_border_width__hover_enabled=&#8220;off&#8220; button_one_border_color__hover_enabled=&#8220;off&#8220; button_two_border_color__hover_enabled=&#8220;off&#8220; button_one_border_radius__hover_enabled=&#8220;off&#8220; button_two_border_radius__hover_enabled=&#8220;off&#8220; button_one_letter_spacing__hover_enabled=&#8220;off&#8220; button_two_letter_spacing__hover_enabled=&#8220;off&#8220; button_one_bg_color__hover_enabled=&#8220;off&#8220; button_two_bg_color__hover_enabled=&#8220;off&#8220;][\/et_pb_fullwidth_header][\/et_pb_section][et_pb_section fb_built=&#8220;1&#8243; _builder_version=&#8220;3.22&#8243;][et_pb_row _builder_version=&#8220;3.25&#8243;][et_pb_column type=&#8220;4_4&#8243; _builder_version=&#8220;3.25&#8243; custom_padding=&#8220;|||&#8220; custom_padding__hover=&#8220;|||&#8220;][et_pb_text _builder_version=&#8220;3.27.4&#8243;]<b> Das so genannte Klicker-Training ist in anderen L\u00e4ndern, wie den USA, schon seit Jahren eine erfolgreich eingesetzte Methode, um einen Hund zu erziehen. Dabei wird auf jegliche k\u00f6rperliche Einwirkung verzichtet und trotzdem adaptiert der Hund die Verhaltensweisen, die man als w\u00fcnschenswert erachtet. Diese Methode beruht auf lernpsychologischen Erkenntnissen vieler Wissenschaftler. Dadurch, dass dieses Training auf dem Belohnungsprinzip beruht, k\u00f6nnen auch fehlerzogene und sch\u00fcchterne Hunde angesprochen werden. <\/b><br \/>\n[\/et_pb_text][\/et_pb_column][\/et_pb_row][et_pb_row _builder_version=&#8220;3.25&#8243;][et_pb_column type=&#8220;4_4&#8243; _builder_version=&#8220;3.25&#8243; custom_padding=&#8220;|||&#8220; custom_padding__hover=&#8220;|||&#8220;][et_pb_text _builder_version=&#8220;3.27.4&#8243;]<\/p>\n<h2>Positiv sein<\/h2>\n<p>Das Klicker-Training beruht darauf, dass man den Hund best\u00e4rken sollten, wenn er das tut, was er tun soll. Wenn man es mal ganz realistisch betrachtet, dann ist diese Methode weder etwas Neues, noch etwas, was alle Probleme schlagartig l\u00f6sen kann. Es ist lediglich eine \u00dcbertragung von allgemein bekannten Methoden, die zum verbesserten Lernerfolg f\u00fchren sollen, auf den Hund. Dass das funktioniert ist wiederrum wenig erstaunlich, da der Hund ein \u00e4u\u00dferst lernf\u00e4higes Tier ist. <\/p>\n<p>[\/et_pb_text][\/et_pb_column][\/et_pb_row][et_pb_row column_structure=&#8220;1_2,1_2&#8243; _builder_version=&#8220;3.25&#8243;][et_pb_column type=&#8220;1_2&#8243; _builder_version=&#8220;3.25&#8243; custom_padding=&#8220;|||&#8220; custom_padding__hover=&#8220;|||&#8220;][et_pb_text _builder_version=&#8220;3.27.4&#8243;]<\/p>\n<h2>Das Prinzip dahinter<\/h2>\n<p>Der Hund sch\u00e4tzt Belohnungen und Lob durch seinen Besitzer sehr und ist in gewisser Weise gewillt ein Verhalten zu zeigen, worauf eine Belohnung folgt. Wenn er also etwas richtig macht, dann scheu dich nicht deinen Hund auch mal ausf\u00fchrlich (auch mit Snacks) zu verw\u00f6hnen, um ihm aufzuzeigen, dass du das gerade gezeigte Verhalten gut findest und gerne mehr davon sehen w\u00fcrdest \u2013 meist wird der Hund diesen Wunsch erf\u00fcllen. <\/p>\n<p>[\/et_pb_text][et_pb_text _builder_version=&#8220;3.27.4&#8243;]<\/p>\n<h3>Probleme<\/h3>\n<p>Anfangs wird der Hund nur selten das Verhalten so zeigen, wie du es willst \u2013 deshalb willst du es ja schlie\u00dflich auch umgew\u00f6hnen. Und teilweise sind die Episoden in denen der Hund ein Verhalten zeigt, f\u00fcr das er belohnt werden k\u00f6nnte, so kurz, dass man sie einfach nicht erwischen kann. Nun kommt der Klicker ins Spiel! <\/p>\n<p>[\/et_pb_text][\/et_pb_column][et_pb_column type=&#8220;1_2&#8243; _builder_version=&#8220;3.25&#8243; custom_padding=&#8220;|||&#8220; custom_padding__hover=&#8220;|||&#8220;][et_pb_image src=&#8220;https:\/\/hund-trainieren.net\/wp-content\/uploads\/2019\/11\/Depositphotos_50421079_xl-2015-scaled.jpg&#8220; align_tablet=&#8220;center&#8220; align_phone=&#8220;&#8220; align_last_edited=&#8220;on|desktop&#8220; _builder_version=&#8220;4.1&#8243; hover_enabled=&#8220;0&#8243;][\/et_pb_image][\/et_pb_column][\/et_pb_row][et_pb_row column_structure=&#8220;1_2,1_2&#8243; _builder_version=&#8220;3.25&#8243; use_background_color_gradient=&#8220;on&#8220; background_color_gradient_start=&#8220;#0c71c3&#8243; background_color_gradient_end=&#8220;#0c71c3&#8243; custom_padding=&#8220;20px|20px|20px|20px&#8220;][et_pb_column type=&#8220;1_2&#8243; _builder_version=&#8220;3.25&#8243; custom_padding=&#8220;|||&#8220; custom_padding__hover=&#8220;|||&#8220;][et_pb_text _builder_version=&#8220;3.27.4&#8243; background_layout=&#8220;dark&#8220;]<\/p>\n<h2>Jetzt zum Hundeexperten werden<\/h2>\n<p>Schon mehr als\u00a0<b>10.000 Hundefreunde<\/b>\u00a0sind dabei, jetzt auch dabei sein!<br \/>\nIm Paket befinden sich:<\/p>\n<ul>\n<li>12 Wochen Trainingsprogramm zur Hundeerziehung<\/li>\n<li>15 Module zur Hundeerziehung<\/li>\n<li>\u00dcber 50 Schritt f\u00fcr Schritt Videos<\/li>\n<li>Alle Erweiterungen kostenlos dabei!<\/li>\n<\/ul>\n<p>[\/et_pb_text][et_pb_button button_url=&#8220;http:\/\/hund-trainieren.net\/jetzt-anmelden\/&#8220; button_text=&#8220;Mehr erfahren&#8220; _builder_version=&#8220;3.16&#8243; background_layout=&#8220;dark&#8220; button_text_size__hover_enabled=&#8220;off&#8220; button_one_text_size__hover_enabled=&#8220;off&#8220; button_two_text_size__hover_enabled=&#8220;off&#8220; button_text_color__hover_enabled=&#8220;off&#8220; button_one_text_color__hover_enabled=&#8220;off&#8220; button_two_text_color__hover_enabled=&#8220;off&#8220; button_border_width__hover_enabled=&#8220;off&#8220; button_one_border_width__hover_enabled=&#8220;off&#8220; button_two_border_width__hover_enabled=&#8220;off&#8220; button_border_color__hover_enabled=&#8220;off&#8220; button_one_border_color__hover_enabled=&#8220;off&#8220; button_two_border_color__hover_enabled=&#8220;off&#8220; button_border_radius__hover_enabled=&#8220;off&#8220; button_one_border_radius__hover_enabled=&#8220;off&#8220; button_two_border_radius__hover_enabled=&#8220;off&#8220; button_letter_spacing__hover_enabled=&#8220;off&#8220; button_one_letter_spacing__hover_enabled=&#8220;off&#8220; button_two_letter_spacing__hover_enabled=&#8220;off&#8220; button_bg_color__hover_enabled=&#8220;off&#8220; button_one_bg_color__hover_enabled=&#8220;off&#8220; button_two_bg_color__hover_enabled=&#8220;off&#8220;][\/et_pb_button][\/et_pb_column][et_pb_column type=&#8220;1_2&#8243; _builder_version=&#8220;3.25&#8243; custom_padding=&#8220;|||&#8220; custom_padding__hover=&#8220;|||&#8220;][et_pb_image src=&#8220;http:\/\/hund-trainieren.net\/wp-content\/uploads\/2018\/01\/cover-3d.jpg&#8220; align_tablet=&#8220;center&#8220; align_phone=&#8220;&#8220; align_last_edited=&#8220;on|desktop&#8220; _builder_version=&#8220;3.23&#8243;][\/et_pb_image][\/et_pb_column][\/et_pb_row][et_pb_row _builder_version=&#8220;3.25&#8243;][et_pb_column type=&#8220;4_4&#8243; _builder_version=&#8220;3.25&#8243; custom_padding=&#8220;|||&#8220; custom_padding__hover=&#8220;|||&#8220;][et_pb_text _builder_version=&#8220;3.27.4&#8243;]<\/p>\n<h2>Der Klicker \u2013 das Werkzeug<\/h2>\n<p>Der Klicker ist ein kleines Ger\u00e4t \u2013 manchmal mechanisch, manchmal elektronisch \u2013 was einen markanten \u201eKlick\u201c-Ton erzeugt. Dieser Klick Ton kann auf Knopfdruck durch den Halter abgerufen werden. Das Klicken ist eine M\u00f6glichkeit dem Hund schnell aufzuzeigen, ob er f\u00fcr ein Verhalten belohnt wird, oder nicht. Wenn es klickt, dann ist gut, wenn nicht, dann muss er das, was er tut anpassen.<br \/>\nDamit das funktioniert, muss der Hund aber erst so konditioniert werden, dass er mit dem klickenden Ger\u00e4usch etwas Positives assoziiert. Anfangs ist dieses n\u00e4mlich nicht mehr und nicht weniger, als jedes andere Ger\u00e4usch. Erst indem man klar macht, dass mit dem Klick etwas Gutes folgt, kann der Hund verstehen, was es bedeutet. <\/p>\n<p>[\/et_pb_text][\/et_pb_column][\/et_pb_row][et_pb_row _builder_version=&#8220;3.25&#8243;][et_pb_column type=&#8220;4_4&#8243; _builder_version=&#8220;3.25&#8243; custom_padding=&#8220;|||&#8220; custom_padding__hover=&#8220;|||&#8220;][et_pb_text _builder_version=&#8220;3.27.4&#8243;]<\/p>\n<h2>Klappt das auch bei deinem Hund?<\/h2>\n<p>Vielleicht fragst du dich nun, ob dein Hund gewisse Vorkenntnisse haben muss, ob man nur diese Methode anwenden kann, oder ob es vielleicht sogar vom Alter des Hundes abh\u00e4ngt. Diese Frage kann man ganz einfach mit Nein beantworten \u2013 prinzipiell kann jeder Hund auf diese Art und Weise lernen, da das Prinzip, welches dahinter steht, sich nicht ver\u00e4ndert. Mit dem Alter und gefestigten Gewohnheiten wird es aber vielleicht etwas l\u00e4nger dauern, den Hund zu konditionieren.<\/p>\n<p>[\/et_pb_text][\/et_pb_column][\/et_pb_row][\/et_pb_section]<\/p>\n","protected":false},"excerpt":{"rendered":"<p>Das so genannte Klicker-Training ist in anderen L\u00e4ndern, wie den USA, schon seit Jahren eine erfolgreich eingesetzte Methode, um einen Hund zu erziehen. Dabei wird auf jegliche k\u00f6rperliche Einwirkung verzichtet und trotzdem adaptiert der Hund die Verhaltensweisen, die man als w\u00fcnschenswert erachtet. Diese Methode beruht auf lernpsychologischen Erkenntnissen vieler Wissenschaftler. Dadurch, dass dieses Training auf [&hellip;]<\/p>\n","protected":false},"author":2,"featured_media":0,"parent":0,"menu_order":2,"comment_status":"closed","ping_status":"closed","template":"","meta":{"_et_pb_use_builder":"on","_et_pb_old_content":"<h1>Tarife vergleichen<\/h1><p>So hart man selber f\u00fcr sein Geld gearbeitet hat, umso genauer schaut man auch darauf. Jedoch werden die Zeiten zum Sparen immer schwieriger, denn gef\u00fchlt wird alles teurer und der Verdienst immer geringer.<\/p><p>Das Geld zu sparen um f\u00fcr schlechte Zeiten R\u00fccklagen zu besitzen oder einfach nur um den n\u00e4chsten Urlaub finanzieren zu k\u00f6nnen, stellt hierbei die haupts\u00e4chliche Intention des Geldsparens dar.<\/p><p>Doch stellt sich meistens die Frage, wie man effektiv Geld sparen kann?<\/p><p>Sei es meist die klassische Theorie, dass durch Verzicht auf andere G\u00fcter oder Dienstleistungen Geld gespart werden kann oder Geld aus extra gearbeiteten \u00dcberstunden zur\u00fcckgelegt wird, all dies sind in Wirklichkeit unn\u00f6tige Wege die viele gehen. Als deutlich effektiver erweist sich das Sparen bei den Kosten selber.<\/p><p>Ein Blick auf Vergleichsportale f\u00fcr Finanzen wie\u00a0<a href=\"http:\/\/www.toptarif.de\/\" target=\"_blank\" rel=\"noopener\">Toptarif<\/a>\u00a0oder\u00a0<a target=\"_blank\" rel=\"noopener\">Tarifchek24<\/a>\u00a0zeigt dabei genau, wie \u00fcberdurchschnittliche Kostenfaktoren erkannt und durch g\u00fcnstigere Alternativen ersetzt werden k\u00f6nnen. Schwerpunkt sind dabei die Bereiche Vorsorge, Versicherungen, Finanzen und Energie.<\/p><p>Zudem sind dies zumeist auch die Kategorien, welche die gr\u00f6\u00dften Kosten b\u00fcndeln und meist \u00fcber Jahrzehnte gehalten werden, trotz enormen Sparpotenzials. Nat\u00fcrlich stellt sich die Frage, ob durch die Kostenersparnisse auch Leistungen reduziert werden und sich dadurch die M\u00f6glichkeit der Kostenreduzierung erkl\u00e4ren l\u00e4sst. Diese Annahme ist jedoch leicht zu verneinen, denn der Schwerpunkt liegt eben auf dem Blick, \u00e4quivalent Leistungen nur zu g\u00fcnstigeren Verpflichtungen herauszufinden und dann auch zu nutzen.<\/p><p>Nat\u00fcrlich bleibt trotz des Onlinevergleichsportals eine pers\u00f6nliche Beratung meist unverzichtbar und so bieten diese Vergleichsportale auch Telefonberatungen an um letzte Zweifel vor Finanzierungsalternativen zu begraben.<\/p>","_et_gb_content_width":"","footnotes":""},"class_list":["post-248","page","type-page","status-publish","hentry"],"yoast_head":"<!-- This site is optimized with the Yoast SEO plugin v23.1 - https:\/\/yoast.com\/wordpress\/plugins\/seo\/ -->\n<title>Training mit Klicker - Hund-Trainieren.net<\/title>\n<meta name=\"description\" content=\"Das Klickertraining f\u00fcr den Hund wird immer h\u00e4ufiger angewendet und hat schon eine gro\u00dfe Fanbase. Doch was steckt dahinter? \u2713 Jetzt hier klicken \u2713 Mehr \u00fcber das Thema erfahren!\" \/>\n<meta name=\"robots\" content=\"index, follow, max-snippet:-1, max-image-preview:large, max-video-preview:-1\" \/>\n<link rel=\"canonical\" href=\"https:\/\/hund-trainieren.net\/?page_id=248\" \/>\n<meta property=\"og:locale\" content=\"de_DE\" \/>\n<meta property=\"og:type\" content=\"article\" \/>\n<meta property=\"og:title\" content=\"Training mit Klicker - Hund-Trainieren.net\" \/>\n<meta property=\"og:description\" content=\"Das Klickertraining f\u00fcr den Hund wird immer h\u00e4ufiger angewendet und hat schon eine gro\u00dfe Fanbase. Doch was steckt dahinter? \u2713 Jetzt hier klicken \u2713 Mehr \u00fcber das Thema erfahren!\" \/>\n<meta property=\"og:url\" content=\"https:\/\/hund-trainieren.net\/?page_id=248\" \/>\n<meta property=\"og:site_name\" content=\"Hund-Trainieren.net\" \/>\n<meta property=\"article:modified_time\" content=\"2020-01-14T15:29:10+00:00\" \/>\n<meta name=\"twitter:card\" content=\"summary_large_image\" \/>\n<meta name=\"twitter:label1\" content=\"Gesch\u00e4tzte Lesezeit\" \/>\n\t<meta name=\"twitter:data1\" content=\"6\u00a0Minuten\" \/>\n<script type=\"application\/ld+json\" class=\"yoast-schema-graph\">{\"@context\":\"https:\/\/schema.org\",\"@graph\":[{\"@type\":\"WebPage\",\"@id\":\"https:\/\/hund-trainieren.net\/?page_id=248\",\"url\":\"https:\/\/hund-trainieren.net\/?page_id=248\",\"name\":\"Training mit Klicker - Hund-Trainieren.net\",\"isPartOf\":{\"@id\":\"https:\/\/hund-trainieren.net\/#website\"},\"datePublished\":\"2017-11-03T19:23:15+00:00\",\"dateModified\":\"2020-01-14T15:29:10+00:00\",\"description\":\"Das Klickertraining f\u00fcr den Hund wird immer h\u00e4ufiger angewendet und hat schon eine gro\u00dfe Fanbase. Doch was steckt dahinter? \u2713 Jetzt hier klicken \u2713 Mehr \u00fcber das Thema erfahren!\",\"breadcrumb\":{\"@id\":\"https:\/\/hund-trainieren.net\/?page_id=248#breadcrumb\"},\"inLanguage\":\"de\",\"potentialAction\":[{\"@type\":\"ReadAction\",\"target\":[\"https:\/\/hund-trainieren.net\/?page_id=248\"]}]},{\"@type\":\"BreadcrumbList\",\"@id\":\"https:\/\/hund-trainieren.net\/?page_id=248#breadcrumb\",\"itemListElement\":[{\"@type\":\"ListItem\",\"position\":1,\"name\":\"Startseite\",\"item\":\"https:\/\/hund-trainieren.net\/\"},{\"@type\":\"ListItem\",\"position\":2,\"name\":\"Training mit Klicker\"}]},{\"@type\":\"WebSite\",\"@id\":\"https:\/\/hund-trainieren.net\/#website\",\"url\":\"https:\/\/hund-trainieren.net\/\",\"name\":\"Hund-Trainieren.net\",\"description\":\"Dein Weg zum gehorsamen Hund\",\"potentialAction\":[{\"@type\":\"SearchAction\",\"target\":{\"@type\":\"EntryPoint\",\"urlTemplate\":\"https:\/\/hund-trainieren.net\/?s={search_term_string}\"},\"query-input\":\"required name=search_term_string\"}],\"inLanguage\":\"de\"}]}<\/script>\n<!-- \/ Yoast SEO plugin. -->","yoast_head_json":{"title":"Training mit Klicker - Hund-Trainieren.net","description":"Das Klickertraining f\u00fcr den Hund wird immer h\u00e4ufiger angewendet und hat schon eine gro\u00dfe Fanbase. Doch was steckt dahinter? \u2713 Jetzt hier klicken \u2713 Mehr \u00fcber das Thema erfahren!","robots":{"index":"index","follow":"follow","max-snippet":"max-snippet:-1","max-image-preview":"max-image-preview:large","max-video-preview":"max-video-preview:-1"},"canonical":"https:\/\/hund-trainieren.net\/?page_id=248","og_locale":"de_DE","og_type":"article","og_title":"Training mit Klicker - Hund-Trainieren.net","og_description":"Das Klickertraining f\u00fcr den Hund wird immer h\u00e4ufiger angewendet und hat schon eine gro\u00dfe Fanbase. Doch was steckt dahinter? \u2713 Jetzt hier klicken \u2713 Mehr \u00fcber das Thema erfahren!","og_url":"https:\/\/hund-trainieren.net\/?page_id=248","og_site_name":"Hund-Trainieren.net","article_modified_time":"2020-01-14T15:29:10+00:00","twitter_card":"summary_large_image","twitter_misc":{"Gesch\u00e4tzte Lesezeit":"6\u00a0Minuten"},"schema":{"@context":"https:\/\/schema.org","@graph":[{"@type":"WebPage","@id":"https:\/\/hund-trainieren.net\/?page_id=248","url":"https:\/\/hund-trainieren.net\/?page_id=248","name":"Training mit Klicker - Hund-Trainieren.net","isPartOf":{"@id":"https:\/\/hund-trainieren.net\/#website"},"datePublished":"2017-11-03T19:23:15+00:00","dateModified":"2020-01-14T15:29:10+00:00","description":"Das Klickertraining f\u00fcr den Hund wird immer h\u00e4ufiger angewendet und hat schon eine gro\u00dfe Fanbase. Doch was steckt dahinter? \u2713 Jetzt hier klicken \u2713 Mehr \u00fcber das Thema erfahren!","breadcrumb":{"@id":"https:\/\/hund-trainieren.net\/?page_id=248#breadcrumb"},"inLanguage":"de","potentialAction":[{"@type":"ReadAction","target":["https:\/\/hund-trainieren.net\/?page_id=248"]}]},{"@type":"BreadcrumbList","@id":"https:\/\/hund-trainieren.net\/?page_id=248#breadcrumb","itemListElement":[{"@type":"ListItem","position":1,"name":"Startseite","item":"https:\/\/hund-trainieren.net\/"},{"@type":"ListItem","position":2,"name":"Training mit Klicker"}]},{"@type":"WebSite","@id":"https:\/\/hund-trainieren.net\/#website","url":"https:\/\/hund-trainieren.net\/","name":"Hund-Trainieren.net","description":"Dein Weg zum gehorsamen Hund","potentialAction":[{"@type":"SearchAction","target":{"@type":"EntryPoint","urlTemplate":"https:\/\/hund-trainieren.net\/?s={search_term_string}"},"query-input":"required name=search_term_string"}],"inLanguage":"de"}]}},"_links":{"self":[{"href":"https:\/\/hund-trainieren.net\/index.php?rest_route=\/wp\/v2\/pages\/248"}],"collection":[{"href":"https:\/\/hund-trainieren.net\/index.php?rest_route=\/wp\/v2\/pages"}],"about":[{"href":"https:\/\/hund-trainieren.net\/index.php?rest_route=\/wp\/v2\/types\/page"}],"author":[{"embeddable":true,"href":"https:\/\/hund-trainieren.net\/index.php?rest_route=\/wp\/v2\/users\/2"}],"replies":[{"embeddable":true,"href":"https:\/\/hund-trainieren.net\/index.php?rest_route=%2Fwp%2Fv2%2Fcomments&post=248"}],"version-history":[{"count":3,"href":"https:\/\/hund-trainieren.net\/index.php?rest_route=\/wp\/v2\/pages\/248\/revisions"}],"predecessor-version":[{"id":498,"href":"https:\/\/hund-trainieren.net\/index.php?rest_route=\/wp\/v2\/pages\/248\/revisions\/498"}],"wp:attachment":[{"href":"https:\/\/hund-trainieren.net\/index.php?rest_route=%2Fwp%2Fv2%2Fmedia&parent=248"}],"curies":[{"name":"wp","href":"https:\/\/api.w.org\/{rel}","templated":true}]}}