{"id":143,"date":"2017-11-03T20:23:15","date_gmt":"2017-11-03T19:23:15","guid":{"rendered":"https:\/\/www.gruender.de\/demo\/business-fix-fertig\/hundetrainer\/stromvergleich-duplikat\/"},"modified":"2020-01-14T16:31:02","modified_gmt":"2020-01-14T15:31:02","slug":"mit-hund-spielen","status":"publish","type":"page","link":"https:\/\/hund-trainieren.net\/?page_id=143","title":{"rendered":"Mit Hund spielen"},"content":{"rendered":"<p>[et_pb_section fb_built=&#8220;1&#8243; fullwidth=&#8220;on&#8220; _builder_version=&#8220;4.1&#8243; background_image=&#8220;https:\/\/hund-trainieren.net\/wp-content\/uploads\/2019\/11\/Depositphotos_245332162_xl-2015-scaled.jpg&#8220; hover_enabled=&#8220;0&#8243;][et_pb_fullwidth_header title=&#8220;Mit dem Hund spielen&#8220; header_scroll_down=&#8220;on&#8220; scroll_down_icon=&#8220;%%8%%&#8220; scroll_down_icon_color=&#8220;#636363&#8243; background_overlay_color=&#8220;rgba(22,22,22,0.44)&#8220; _builder_version=&#8220;3.16&#8243; title_font_size=&#8220;38px&#8220; background_color=&#8220;rgba(255, 255, 255, 0)&#8220; background_image=&#8220;https:\/\/www.gruender.de\/demo\/business-fix-fertig\/hundetrainer\/wp-content\/uploads\/sites\/9\/2017\/11\/versicherung.jpg&#8220; custom_padding=&#8220;200px||200px|&#8220; hover_enabled=&#8220;0&#8243; title_text_shadow_style=&#8220;preset5&#8243; title_text_shadow_horizontal_length=&#8220;0.05em&#8220; title_text_shadow_vertical_length=&#8220;0.05em&#8220; title_text_shadow_color=&#8220;rgba(255,255,255,0.4)&#8220; button_one_text_size__hover_enabled=&#8220;off&#8220; button_two_text_size__hover_enabled=&#8220;off&#8220; button_one_text_color__hover_enabled=&#8220;off&#8220; button_two_text_color__hover_enabled=&#8220;off&#8220; button_one_border_width__hover_enabled=&#8220;off&#8220; button_two_border_width__hover_enabled=&#8220;off&#8220; button_one_border_color__hover_enabled=&#8220;off&#8220; button_two_border_color__hover_enabled=&#8220;off&#8220; button_one_border_radius__hover_enabled=&#8220;off&#8220; button_two_border_radius__hover_enabled=&#8220;off&#8220; button_one_letter_spacing__hover_enabled=&#8220;off&#8220; button_two_letter_spacing__hover_enabled=&#8220;off&#8220; button_one_bg_color__hover_enabled=&#8220;off&#8220; button_two_bg_color__hover_enabled=&#8220;off&#8220;][\/et_pb_fullwidth_header][\/et_pb_section][et_pb_section fb_built=&#8220;1&#8243; _builder_version=&#8220;3.22&#8243;][et_pb_row _builder_version=&#8220;3.25&#8243; background_size=&#8220;initial&#8220; background_position=&#8220;top_left&#8220; background_repeat=&#8220;repeat&#8220;][et_pb_column type=&#8220;4_4&#8243; _builder_version=&#8220;3.25&#8243; custom_padding=&#8220;|||&#8220; custom_padding__hover=&#8220;|||&#8220;][et_pb_text _builder_version=&#8220;3.27.4&#8243;]<b> Jeder spielt mal gerne mit seinem Vierbeiner. Warum er das macht? Manche Menschen glauben, dass das F\u00e4higkeiten trainiert, die der Hund braucht und vermuten, dass das Spielen integraler Bestandteil einer jeden richtigen Hunde-Erziehung sein sollte. Diese Aspekte m\u00f6gen zwar auch eine Rolle spielen, aber prim\u00e4r sollte der Fokus beim Spielen immer darauf liegen, dass das Spiel f\u00fcr beide ein Spiel ist und bleibt und dass beide Spa\u00df haben \u2013 darauf kommt es n\u00e4mlich beim Spielen an! <\/b><br \/>\n[\/et_pb_text][\/et_pb_column][\/et_pb_row][et_pb_row _builder_version=&#8220;3.25&#8243; background_size=&#8220;initial&#8220; background_position=&#8220;top_left&#8220; background_repeat=&#8220;repeat&#8220;][et_pb_column type=&#8220;4_4&#8243; _builder_version=&#8220;3.25&#8243; custom_padding=&#8220;|||&#8220; custom_padding__hover=&#8220;|||&#8220;][et_pb_text _builder_version=&#8220;3.27.4&#8243;]<\/p>\n<h2>Spielerische Erziehung<\/h2>\n<p>Manchmal ist das etwas unklar. Eine Aufgabe oder einen Schritt in der Erziehung des Hundes spielerisch zu bew\u00e4ltigen, bedeutet nicht gleich, dass man mit dem Hund spielt. Dabei geht es n\u00e4mlich darum, den Hund auf eine Art und Weise zu konditionieren, indem man eine Situation reduziert und diese immer und immer wieder abruft, wobei ein Lob am Ende eines gegl\u00fcckten Versuchs f\u00e4llig wird (zum Beispiel: St\u00f6ckchen holen). Wenn du also mal wirklich mit deinem Hund spielen m\u00f6chtest, dann lass mal allen Sinn dahinter weg und fokussiere dich nur auf den Spa\u00df. Es muss nicht immer alles Fortschritte bringen und es ist auch ein sch\u00f6nes Gef\u00fchl f\u00fcr die Beziehung zwischen dir und deinem Hund, wenn du einfach mal loslassen kannst.<\/p>\n<p>[\/et_pb_text][\/et_pb_column][\/et_pb_row][et_pb_row column_structure=&#8220;1_2,1_2&#8243; _builder_version=&#8220;3.25&#8243; background_size=&#8220;initial&#8220; background_position=&#8220;top_left&#8220; background_repeat=&#8220;repeat&#8220;][et_pb_column type=&#8220;1_2&#8243; _builder_version=&#8220;3.25&#8243; custom_padding=&#8220;|||&#8220; custom_padding__hover=&#8220;|||&#8220;][et_pb_text _builder_version=&#8220;3.27.4&#8243;]<\/p>\n<h3>Wenn Hunde es \u00fcbertreiben<\/h3>\n<p>Der Umgang zwischen Hund und Mensch m\u00f6chte bitte von beiden Parteien gelernt sein. Manche Hunde \u00fcbertreiben es nach einiger Zeit und werden \u00fcberm\u00fctig, wobei sie manchmal etwas zu fest zuschnappen. Dann sollte man den Hund nicht irgendwie mit denselben Mitteln bestrafen, sondern einfach akustisch und optisch signalisieren, dass das weh getan hat und dann aufstehen und das Spielen einstellen. Kurz darauf kann man es wieder probieren und mit der Zeit wird der Hund sich zur\u00fcckhalten.<\/p>\n<p>[\/et_pb_text][et_pb_text _builder_version=&#8220;3.27.4&#8243;]<\/p>\n<h2>Dominanzverlust<\/h2>\n<p>Einige Hundebesitzer k\u00f6nnten nun f\u00fcrchten, dass sie beim Spielen ihre Rolle als Dominus (Herrchen) aufgeben k\u00f6nnten und der Hund ab dann glaubt, dass er nun der Chef sei. Diese Sorge solltest du aber nicht haben, denn selbst wenn der Hund mal \u00fcber dir bzw. auf dir sein sollte, ist noch kein zwangsl\u00e4ufiges Zeichen von Unterwerfung, da du immer die Option hast einfach aufzustehen und zu gehen.<\/p>\n<p>[\/et_pb_text][\/et_pb_column][et_pb_column type=&#8220;1_2&#8243; _builder_version=&#8220;3.25&#8243; custom_padding=&#8220;|||&#8220; custom_padding__hover=&#8220;|||&#8220;][et_pb_image src=&#8220;https:\/\/hund-trainieren.net\/wp-content\/uploads\/2019\/11\/Depositphotos_22165063_xl-2015-scaled.jpg&#8220; align_tablet=&#8220;center&#8220; align_phone=&#8220;&#8220; align_last_edited=&#8220;on|desktop&#8220; _builder_version=&#8220;4.1&#8243; hover_enabled=&#8220;0&#8243;][\/et_pb_image][\/et_pb_column][\/et_pb_row][et_pb_row column_structure=&#8220;1_2,1_2&#8243; _builder_version=&#8220;3.25&#8243; use_background_color_gradient=&#8220;on&#8220; background_color_gradient_start=&#8220;#0c71c3&#8243; background_color_gradient_end=&#8220;#0c71c3&#8243; custom_padding=&#8220;20px|20px|20px|20px&#8220;][et_pb_column type=&#8220;1_2&#8243; _builder_version=&#8220;3.25&#8243; custom_padding=&#8220;|||&#8220; custom_padding__hover=&#8220;|||&#8220;][et_pb_text _builder_version=&#8220;3.27.4&#8243; background_layout=&#8220;dark&#8220;]<\/p>\n<h2>Jetzt zum Hundeexperten werden<\/h2>\n<p>Schon mehr als\u00a0<b>10.000 Hundefreunde<\/b>\u00a0sind dabei, jetzt auch dabei sein!<br \/>\nIm Paket befinden sich:<\/p>\n<ul>\n<li>12 Wochen Trainingsprogramm zur Hundeerziehung<\/li>\n<li>15 Module zur Hundeerziehung<\/li>\n<li>\u00dcber 50 Schritt f\u00fcr Schritt Videos<\/li>\n<li>Alle Erweiterungen kostenlos dabei!<\/li>\n<\/ul>\n<p>[\/et_pb_text][et_pb_button button_url=&#8220;http:\/\/hund-trainieren.net\/jetzt-anmelden\/&#8220; url_new_window=&#8220;on&#8220; button_text=&#8220;Jetzt loslegen!&#8220; _builder_version=&#8220;3.16&#8243; background_layout=&#8220;dark&#8220; button_text_size__hover_enabled=&#8220;off&#8220; button_one_text_size__hover_enabled=&#8220;off&#8220; button_two_text_size__hover_enabled=&#8220;off&#8220; button_text_color__hover_enabled=&#8220;off&#8220; button_one_text_color__hover_enabled=&#8220;off&#8220; button_two_text_color__hover_enabled=&#8220;off&#8220; button_border_width__hover_enabled=&#8220;off&#8220; button_one_border_width__hover_enabled=&#8220;off&#8220; button_two_border_width__hover_enabled=&#8220;off&#8220; button_border_color__hover_enabled=&#8220;off&#8220; button_one_border_color__hover_enabled=&#8220;off&#8220; button_two_border_color__hover_enabled=&#8220;off&#8220; button_border_radius__hover_enabled=&#8220;off&#8220; button_one_border_radius__hover_enabled=&#8220;off&#8220; button_two_border_radius__hover_enabled=&#8220;off&#8220; button_letter_spacing__hover_enabled=&#8220;off&#8220; button_one_letter_spacing__hover_enabled=&#8220;off&#8220; button_two_letter_spacing__hover_enabled=&#8220;off&#8220; button_bg_color__hover_enabled=&#8220;off&#8220; button_one_bg_color__hover_enabled=&#8220;off&#8220; button_two_bg_color__hover_enabled=&#8220;off&#8220;][\/et_pb_button][\/et_pb_column][et_pb_column type=&#8220;1_2&#8243; _builder_version=&#8220;3.25&#8243; custom_padding=&#8220;|||&#8220; custom_padding__hover=&#8220;|||&#8220;][et_pb_image src=&#8220;http:\/\/hund-trainieren.net\/wp-content\/uploads\/2018\/01\/cover-3d.jpg&#8220; align_tablet=&#8220;center&#8220; align_phone=&#8220;&#8220; align_last_edited=&#8220;on|desktop&#8220; _builder_version=&#8220;3.23&#8243;][\/et_pb_image][\/et_pb_column][\/et_pb_row][et_pb_row _builder_version=&#8220;3.25&#8243; background_size=&#8220;initial&#8220; background_position=&#8220;top_left&#8220; background_repeat=&#8220;repeat&#8220;][et_pb_column type=&#8220;4_4&#8243; _builder_version=&#8220;3.25&#8243; custom_padding=&#8220;|||&#8220; custom_padding__hover=&#8220;|||&#8220;][et_pb_text _builder_version=&#8220;3.27.4&#8243;]<\/p>\n<h2>Spielen in den Alltag implementieren<\/h2>\n<p>Man kann auch ganz einfach Spiele in den allt\u00e4glichen Spaziergang integrieren, indem man immer wieder kleine Aufgaben stellt, die der Hund l\u00f6sen muss, ihn mit versteckten Leckerlies fordert oder anderweitig k\u00f6rperliche oder geistig f\u00f6rdernde Dinge tut.<br \/>\nEs ist insgesamt gar nicht mal so schwer mit einem Hund zu spielen, da man sich oft einfach auf die menschliche und tierische Intuition verlassen kann. Manchmal sollte man die Vernunft hinter sich lassen!<\/p>\n<p>[\/et_pb_text][\/et_pb_column][\/et_pb_row][\/et_pb_section]<\/p>\n","protected":false},"excerpt":{"rendered":"<p>Jeder spielt mal gerne mit seinem Vierbeiner. Warum er das macht? Manche Menschen glauben, dass das F\u00e4higkeiten trainiert, die der Hund braucht und vermuten, dass das Spielen integraler Bestandteil einer jeden richtigen Hunde-Erziehung sein sollte. Diese Aspekte m\u00f6gen zwar auch eine Rolle spielen, aber prim\u00e4r sollte der Fokus beim Spielen immer darauf liegen, dass das [&hellip;]<\/p>\n","protected":false},"author":2,"featured_media":0,"parent":0,"menu_order":2,"comment_status":"closed","ping_status":"closed","template":"","meta":{"_et_pb_use_builder":"on","_et_pb_old_content":"<h1>Tarife vergleichen<\/h1><p>So hart man selber f\u00fcr sein Geld gearbeitet hat, umso genauer schaut man auch darauf. Jedoch werden die Zeiten zum Sparen immer schwieriger, denn gef\u00fchlt wird alles teurer und der Verdienst immer geringer.<\/p><p>Das Geld zu sparen um f\u00fcr schlechte Zeiten R\u00fccklagen zu besitzen oder einfach nur um den n\u00e4chsten Urlaub finanzieren zu k\u00f6nnen, stellt hierbei die haupts\u00e4chliche Intention des Geldsparens dar.<\/p><p>Doch stellt sich meistens die Frage, wie man effektiv Geld sparen kann?<\/p><p>Sei es meist die klassische Theorie, dass durch Verzicht auf andere G\u00fcter oder Dienstleistungen Geld gespart werden kann oder Geld aus extra gearbeiteten \u00dcberstunden zur\u00fcckgelegt wird, all dies sind in Wirklichkeit unn\u00f6tige Wege die viele gehen. Als deutlich effektiver erweist sich das Sparen bei den Kosten selber.<\/p><p>Ein Blick auf Vergleichsportale f\u00fcr Finanzen wie\u00a0<a href=\"http:\/\/www.toptarif.de\/\" target=\"_blank\" rel=\"noopener\">Toptarif<\/a>\u00a0oder\u00a0<a target=\"_blank\" rel=\"noopener\">Tarifchek24<\/a>\u00a0zeigt dabei genau, wie \u00fcberdurchschnittliche Kostenfaktoren erkannt und durch g\u00fcnstigere Alternativen ersetzt werden k\u00f6nnen. Schwerpunkt sind dabei die Bereiche Vorsorge, Versicherungen, Finanzen und Energie.<\/p><p>Zudem sind dies zumeist auch die Kategorien, welche die gr\u00f6\u00dften Kosten b\u00fcndeln und meist \u00fcber Jahrzehnte gehalten werden, trotz enormen Sparpotenzials. Nat\u00fcrlich stellt sich die Frage, ob durch die Kostenersparnisse auch Leistungen reduziert werden und sich dadurch die M\u00f6glichkeit der Kostenreduzierung erkl\u00e4ren l\u00e4sst. Diese Annahme ist jedoch leicht zu verneinen, denn der Schwerpunkt liegt eben auf dem Blick, \u00e4quivalent Leistungen nur zu g\u00fcnstigeren Verpflichtungen herauszufinden und dann auch zu nutzen.<\/p><p>Nat\u00fcrlich bleibt trotz des Onlinevergleichsportals eine pers\u00f6nliche Beratung meist unverzichtbar und so bieten diese Vergleichsportale auch Telefonberatungen an um letzte Zweifel vor Finanzierungsalternativen zu begraben.<\/p>","_et_gb_content_width":"","footnotes":""},"class_list":["post-143","page","type-page","status-publish","hentry"],"yoast_head":"<!-- This site is optimized with the Yoast SEO plugin v23.1 - https:\/\/yoast.com\/wordpress\/plugins\/seo\/ -->\n<title>Mit Hund spielen - Hund-Trainieren.net<\/title>\n<meta name=\"description\" content=\"Mit dem Hund spielen ist nicht nur wichtig f\u00fcr die Gesundheit Ihres Hundes, sondern trainiert auch. Sie wollen wissen wie? \u2713 Jetzt hier klicken \u2713 Mehr \u00fcber das Thema erfahren!\" \/>\n<meta name=\"robots\" content=\"index, follow, max-snippet:-1, max-image-preview:large, max-video-preview:-1\" \/>\n<link rel=\"canonical\" href=\"https:\/\/hund-trainieren.net\/?page_id=143\" \/>\n<meta property=\"og:locale\" content=\"de_DE\" \/>\n<meta property=\"og:type\" content=\"article\" \/>\n<meta property=\"og:title\" content=\"Mit Hund spielen - Hund-Trainieren.net\" \/>\n<meta property=\"og:description\" content=\"Mit dem Hund spielen ist nicht nur wichtig f\u00fcr die Gesundheit Ihres Hundes, sondern trainiert auch. Sie wollen wissen wie? \u2713 Jetzt hier klicken \u2713 Mehr \u00fcber das Thema erfahren!\" \/>\n<meta property=\"og:url\" content=\"https:\/\/hund-trainieren.net\/?page_id=143\" \/>\n<meta property=\"og:site_name\" content=\"Hund-Trainieren.net\" \/>\n<meta property=\"article:modified_time\" content=\"2020-01-14T15:31:02+00:00\" \/>\n<meta name=\"twitter:card\" content=\"summary_large_image\" \/>\n<meta name=\"twitter:label1\" content=\"Gesch\u00e4tzte Lesezeit\" \/>\n\t<meta name=\"twitter:data1\" content=\"6\u00a0Minuten\" \/>\n<script type=\"application\/ld+json\" class=\"yoast-schema-graph\">{\"@context\":\"https:\/\/schema.org\",\"@graph\":[{\"@type\":\"WebPage\",\"@id\":\"https:\/\/hund-trainieren.net\/?page_id=143\",\"url\":\"https:\/\/hund-trainieren.net\/?page_id=143\",\"name\":\"Mit Hund spielen - Hund-Trainieren.net\",\"isPartOf\":{\"@id\":\"https:\/\/hund-trainieren.net\/#website\"},\"datePublished\":\"2017-11-03T19:23:15+00:00\",\"dateModified\":\"2020-01-14T15:31:02+00:00\",\"description\":\"Mit dem Hund spielen ist nicht nur wichtig f\u00fcr die Gesundheit Ihres Hundes, sondern trainiert auch. Sie wollen wissen wie? \u2713 Jetzt hier klicken \u2713 Mehr \u00fcber das Thema erfahren!\",\"breadcrumb\":{\"@id\":\"https:\/\/hund-trainieren.net\/?page_id=143#breadcrumb\"},\"inLanguage\":\"de\",\"potentialAction\":[{\"@type\":\"ReadAction\",\"target\":[\"https:\/\/hund-trainieren.net\/?page_id=143\"]}]},{\"@type\":\"BreadcrumbList\",\"@id\":\"https:\/\/hund-trainieren.net\/?page_id=143#breadcrumb\",\"itemListElement\":[{\"@type\":\"ListItem\",\"position\":1,\"name\":\"Startseite\",\"item\":\"https:\/\/hund-trainieren.net\/\"},{\"@type\":\"ListItem\",\"position\":2,\"name\":\"Mit Hund spielen\"}]},{\"@type\":\"WebSite\",\"@id\":\"https:\/\/hund-trainieren.net\/#website\",\"url\":\"https:\/\/hund-trainieren.net\/\",\"name\":\"Hund-Trainieren.net\",\"description\":\"Dein Weg zum gehorsamen Hund\",\"potentialAction\":[{\"@type\":\"SearchAction\",\"target\":{\"@type\":\"EntryPoint\",\"urlTemplate\":\"https:\/\/hund-trainieren.net\/?s={search_term_string}\"},\"query-input\":\"required name=search_term_string\"}],\"inLanguage\":\"de\"}]}<\/script>\n<!-- \/ Yoast SEO plugin. -->","yoast_head_json":{"title":"Mit Hund spielen - Hund-Trainieren.net","description":"Mit dem Hund spielen ist nicht nur wichtig f\u00fcr die Gesundheit Ihres Hundes, sondern trainiert auch. Sie wollen wissen wie? \u2713 Jetzt hier klicken \u2713 Mehr \u00fcber das Thema erfahren!","robots":{"index":"index","follow":"follow","max-snippet":"max-snippet:-1","max-image-preview":"max-image-preview:large","max-video-preview":"max-video-preview:-1"},"canonical":"https:\/\/hund-trainieren.net\/?page_id=143","og_locale":"de_DE","og_type":"article","og_title":"Mit Hund spielen - Hund-Trainieren.net","og_description":"Mit dem Hund spielen ist nicht nur wichtig f\u00fcr die Gesundheit Ihres Hundes, sondern trainiert auch. Sie wollen wissen wie? \u2713 Jetzt hier klicken \u2713 Mehr \u00fcber das Thema erfahren!","og_url":"https:\/\/hund-trainieren.net\/?page_id=143","og_site_name":"Hund-Trainieren.net","article_modified_time":"2020-01-14T15:31:02+00:00","twitter_card":"summary_large_image","twitter_misc":{"Gesch\u00e4tzte Lesezeit":"6\u00a0Minuten"},"schema":{"@context":"https:\/\/schema.org","@graph":[{"@type":"WebPage","@id":"https:\/\/hund-trainieren.net\/?page_id=143","url":"https:\/\/hund-trainieren.net\/?page_id=143","name":"Mit Hund spielen - Hund-Trainieren.net","isPartOf":{"@id":"https:\/\/hund-trainieren.net\/#website"},"datePublished":"2017-11-03T19:23:15+00:00","dateModified":"2020-01-14T15:31:02+00:00","description":"Mit dem Hund spielen ist nicht nur wichtig f\u00fcr die Gesundheit Ihres Hundes, sondern trainiert auch. Sie wollen wissen wie? \u2713 Jetzt hier klicken \u2713 Mehr \u00fcber das Thema erfahren!","breadcrumb":{"@id":"https:\/\/hund-trainieren.net\/?page_id=143#breadcrumb"},"inLanguage":"de","potentialAction":[{"@type":"ReadAction","target":["https:\/\/hund-trainieren.net\/?page_id=143"]}]},{"@type":"BreadcrumbList","@id":"https:\/\/hund-trainieren.net\/?page_id=143#breadcrumb","itemListElement":[{"@type":"ListItem","position":1,"name":"Startseite","item":"https:\/\/hund-trainieren.net\/"},{"@type":"ListItem","position":2,"name":"Mit Hund spielen"}]},{"@type":"WebSite","@id":"https:\/\/hund-trainieren.net\/#website","url":"https:\/\/hund-trainieren.net\/","name":"Hund-Trainieren.net","description":"Dein Weg zum gehorsamen Hund","potentialAction":[{"@type":"SearchAction","target":{"@type":"EntryPoint","urlTemplate":"https:\/\/hund-trainieren.net\/?s={search_term_string}"},"query-input":"required name=search_term_string"}],"inLanguage":"de"}]}},"_links":{"self":[{"href":"https:\/\/hund-trainieren.net\/index.php?rest_route=\/wp\/v2\/pages\/143"}],"collection":[{"href":"https:\/\/hund-trainieren.net\/index.php?rest_route=\/wp\/v2\/pages"}],"about":[{"href":"https:\/\/hund-trainieren.net\/index.php?rest_route=\/wp\/v2\/types\/page"}],"author":[{"embeddable":true,"href":"https:\/\/hund-trainieren.net\/index.php?rest_route=\/wp\/v2\/users\/2"}],"replies":[{"embeddable":true,"href":"https:\/\/hund-trainieren.net\/index.php?rest_route=%2Fwp%2Fv2%2Fcomments&post=143"}],"version-history":[{"count":4,"href":"https:\/\/hund-trainieren.net\/index.php?rest_route=\/wp\/v2\/pages\/143\/revisions"}],"predecessor-version":[{"id":500,"href":"https:\/\/hund-trainieren.net\/index.php?rest_route=\/wp\/v2\/pages\/143\/revisions\/500"}],"wp:attachment":[{"href":"https:\/\/hund-trainieren.net\/index.php?rest_route=%2Fwp%2Fv2%2Fmedia&parent=143"}],"curies":[{"name":"wp","href":"https:\/\/api.w.org\/{rel}","templated":true}]}}