{"id":140,"date":"2017-11-03T20:23:15","date_gmt":"2017-11-03T19:23:15","guid":{"rendered":"https:\/\/www.gruender.de\/demo\/business-fix-fertig\/hundetrainer\/versicherungen\/hausratversicherung-duplikat\/"},"modified":"2021-01-11T14:12:18","modified_gmt":"2021-01-11T13:12:18","slug":"jagdverhalten-kontrollieren","status":"publish","type":"page","link":"https:\/\/hund-trainieren.net\/?page_id=140","title":{"rendered":"Jagdverhalten kontrollieren"},"content":{"rendered":"<p>[et_pb_section fb_built=&#8220;1&#8243; fullwidth=&#8220;on&#8220; _builder_version=&#8220;3.22&#8243;][et_pb_fullwidth_header title=&#8220;Jagdverhalten bei Hunden kontrollieren &#8220; header_scroll_down=&#8220;on&#8220; scroll_down_icon=&#8220;%%8%%&#8220; scroll_down_icon_color=&#8220;#636363&#8243; _builder_version=&#8220;4.1&#8243; title_font=&#8220;||||||||&#8220; title_text_color=&#8220;#ffffff&#8220; title_font_size=&#8220;38px&#8220; background_color=&#8220;rgba(255, 255, 255, 0)&#8220; background_image=&#8220;https:\/\/hund-trainieren.net\/wp-content\/uploads\/2019\/11\/Depositphotos_3737806_xl-2015-scaled.jpg&#8220; background_layout=&#8220;light&#8220; custom_padding=&#8220;200px||200px|&#8220; title_text_shadow_style=&#8220;preset5&#8243; title_text_shadow_horizontal_length=&#8220;0.05em&#8220; title_text_shadow_vertical_length=&#8220;0.05em&#8220; title_text_shadow_color=&#8220;rgba(12,12,12,0.4)&#8220; button_one_text_size__hover_enabled=&#8220;off&#8220; button_two_text_size__hover_enabled=&#8220;off&#8220; button_one_text_color__hover_enabled=&#8220;off&#8220; button_two_text_color__hover_enabled=&#8220;off&#8220; button_one_border_width__hover_enabled=&#8220;off&#8220; button_two_border_width__hover_enabled=&#8220;off&#8220; button_one_border_color__hover_enabled=&#8220;off&#8220; button_two_border_color__hover_enabled=&#8220;off&#8220; button_one_border_radius__hover_enabled=&#8220;off&#8220; button_two_border_radius__hover_enabled=&#8220;off&#8220; button_one_letter_spacing__hover_enabled=&#8220;off&#8220; button_two_letter_spacing__hover_enabled=&#8220;off&#8220; button_one_bg_color__hover_enabled=&#8220;off&#8220; button_two_bg_color__hover_enabled=&#8220;off&#8220;][\/et_pb_fullwidth_header][\/et_pb_section][et_pb_section fb_built=&#8220;1&#8243; _builder_version=&#8220;3.22&#8243;][et_pb_row _builder_version=&#8220;3.25&#8243; background_size=&#8220;initial&#8220; background_position=&#8220;top_left&#8220; background_repeat=&#8220;repeat&#8220;][et_pb_column type=&#8220;4_4&#8243; _builder_version=&#8220;3.25&#8243; custom_padding=&#8220;|||&#8220; custom_padding__hover=&#8220;|||&#8220;][et_pb_text _builder_version=&#8220;3.27.4&#8243;]<b> Wenn du mit deinem liebsten Vierbeiner spazieren warst, dann ist es dir bestimmt auch schon mal so vorgekommen, als sei dein Hund ein echtes Raubtier. Er hat ein potentielles \u201eBeutetier\u201c (Hase etc.) entdeckt und macht sich beinahe augenblicklich daran es zu jagen. Dieses scheinbar unkontrollierbare Jagdverhalten kann \u00e4u\u00dferst st\u00f6rend sein, denn es macht keinen Spa\u00df dauerhaft, darauf gefasst sein zu m\u00fcssen, dass der Hund gleich einen \u201eAusbruchsversuch\u201c startet und du mit M\u00fche dagegen steuern musst bzw. dem ganz ausgeliefert bist. <\/b><br \/>\n[\/et_pb_text][\/et_pb_column][\/et_pb_row][et_pb_row _builder_version=&#8220;3.25&#8243; background_size=&#8220;initial&#8220; background_position=&#8220;top_left&#8220; background_repeat=&#8220;repeat&#8220;][et_pb_column type=&#8220;4_4&#8243; _builder_version=&#8220;3.25&#8243; custom_padding=&#8220;|||&#8220; custom_padding__hover=&#8220;|||&#8220;][et_pb_text _builder_version=&#8220;3.27.4&#8243;]<\/p>\n<h2>Kein Jagdtrieb<\/h2>\n<p>Fr\u00fcher hat man h\u00e4ufig vom so genannten Jagdtrieb gesprochen. Das ist aber evidenter ma\u00dfen falsch, denn der Hund ist diesem Trieb nicht ausgeliefert, sondern hat vielmehr die Motivation das Tier zu jagen verinnerlicht \u2013 daher kommt auch das Verhalten: weniger Trieb, sondern viel mehr Motivation. Jedoch muss man fairerweise sagen, dass das Jagen doch im genetischen Code der Hunde verankert ist. Hier gilt es nun durch eine gezielte Erziehung gegenzusteuern.<br \/>\n[\/et_pb_text][\/et_pb_column][\/et_pb_row][et_pb_row _builder_version=&#8220;3.25&#8243; background_size=&#8220;initial&#8220; background_position=&#8220;top_left&#8220; background_repeat=&#8220;repeat&#8220;][et_pb_column type=&#8220;4_4&#8243; _builder_version=&#8220;3.25&#8243; custom_padding=&#8220;|||&#8220; custom_padding__hover=&#8220;|||&#8220;][et_pb_text _builder_version=&#8220;3.27.4&#8243;]<\/p>\n<h2>Der h\u00e4ufigste Fehler<\/h2>\n<p>Manche Menschen wollen einen Jagdhund und das ist auch verst\u00e4ndlich. Aber die, die meistens vom Problem des Jagdtriebs sprechen sind Familien, die einen friedlichen Familienhund m\u00f6chten. Und da liegt auch schon das Problem. In wie weit der Trieb ausgepr\u00e4gt ist (von genetischer Seite) h\u00e4ngt auch stark von der Rasse ab, sodass man vorher oft schon absch\u00e4tzen kann, ob diese Eigenschaft problematisch werden k\u00f6nnte, oder nicht.<br \/>\nSolltest du also nach einem Hund f\u00fcr die Familie Ausschau halten, dann achte darauf, dass es sich nicht um eine Rasse handelt, die als Jagd- oder Kampfhund eingestuft ist.<br \/>\n[\/et_pb_text][\/et_pb_column][\/et_pb_row][et_pb_row column_structure=&#8220;1_2,1_2&#8243; _builder_version=&#8220;3.25&#8243; background_size=&#8220;initial&#8220; background_position=&#8220;top_left&#8220; background_repeat=&#8220;repeat&#8220;][et_pb_column type=&#8220;1_2&#8243; _builder_version=&#8220;3.25&#8243; custom_padding=&#8220;|||&#8220; custom_padding__hover=&#8220;|||&#8220;][et_pb_text _builder_version=&#8220;3.27.4&#8243;]<\/p>\n<h3>Falsche Erziehung<\/h3>\n<p>Ein ganz praxisnahes Beispiel w\u00e4re das Herrchen, was mit dem Hund geht und schon um den Jagdinstinkt wei\u00df und diesen auch in gewisser Weise f\u00fcrchtet. Dann erblickt er ein potentielles Beutetier und wird schon ganz unruhig. Da Hunde sehr sensible Tiere sind, wird er es mitbekommen und wenn er nun die Beute auch entdeckt und der \u201eTrieb\u201c durchscheint, wird er gelernt haben, dass es sich lohnt Ausschau nach Beute zu halten, wenn Herrchen unruhig wird. So intensiviert man das Problem oft nur.<br \/>\n[\/et_pb_text][et_pb_text _builder_version=&#8220;3.27.4&#8243;]<\/p>\n<h2>Wie l\u00e4uft das Jagen ab<\/h2>\n<p>Das Jagen verl\u00e4uft bei Hunden immer nach einem bestimmten Schema und kann oft durch aufmerksames Beobachten schon unterbunden werden \u2013 sofern der Hund klar auf Kommandos h\u00f6rt (daf\u00fcr ist eine ausgezeichnete Erziehung notwendig).<br \/>\n[\/et_pb_text][\/et_pb_column][et_pb_column type=&#8220;1_2&#8243; _builder_version=&#8220;3.25&#8243; custom_padding=&#8220;|||&#8220; custom_padding__hover=&#8220;|||&#8220;][et_pb_image src=&#8220;https:\/\/hund-trainieren.net\/wp-content\/uploads\/2019\/11\/Depositphotos_194117408_xl-2015-scaled-e1574616321891.jpg&#8220; align_tablet=&#8220;center&#8220; align_phone=&#8220;&#8220; align_last_edited=&#8220;on|desktop&#8220; _builder_version=&#8220;4.1&#8243;][\/et_pb_image][\/et_pb_column][\/et_pb_row][et_pb_row column_structure=&#8220;1_2,1_2&#8243; _builder_version=&#8220;3.25&#8243; use_background_color_gradient=&#8220;on&#8220; background_color_gradient_start=&#8220;#0c71c3&#8243; background_color_gradient_end=&#8220;#0c71c3&#8243; custom_padding=&#8220;20px|20px|20px|20px&#8220;][et_pb_column type=&#8220;1_2&#8243; _builder_version=&#8220;3.25&#8243; custom_padding=&#8220;|||&#8220; custom_padding__hover=&#8220;|||&#8220;][et_pb_text _builder_version=&#8220;3.27.4&#8243; background_layout=&#8220;dark&#8220;]<\/p>\n<h2>Jetzt zum Hundeexperten werden<\/h2>\n<p>Schon mehr als\u00a0<b>10.000 Hundefreunde<\/b>\u00a0sind dabei, jetzt auch dabei sein!<br \/>\nIm Paket befinden sich:<\/p>\n<ul>\n<li>12 Wochen Trainingsprogramm zur Hundeerziehung<\/li>\n<li>15 Module zur Hundeerziehung<\/li>\n<li>\u00dcber 50 Schritt f\u00fcr Schritt Videos<\/li>\n<li>Alle Erweiterungen kostenlos dabei!<\/li>\n<\/ul>\n<p>[\/et_pb_text][et_pb_button button_url=&#8220;http:\/\/hund-trainieren.net\/jetzt-anmelden\/&#8220; button_text=&#8220;Mehr erfahren&#8220; _builder_version=&#8220;3.16&#8243; background_layout=&#8220;dark&#8220; button_text_size__hover_enabled=&#8220;off&#8220; button_one_text_size__hover_enabled=&#8220;off&#8220; button_two_text_size__hover_enabled=&#8220;off&#8220; button_text_color__hover_enabled=&#8220;off&#8220; button_one_text_color__hover_enabled=&#8220;off&#8220; button_two_text_color__hover_enabled=&#8220;off&#8220; button_border_width__hover_enabled=&#8220;off&#8220; button_one_border_width__hover_enabled=&#8220;off&#8220; button_two_border_width__hover_enabled=&#8220;off&#8220; button_border_color__hover_enabled=&#8220;off&#8220; button_one_border_color__hover_enabled=&#8220;off&#8220; button_two_border_color__hover_enabled=&#8220;off&#8220; button_border_radius__hover_enabled=&#8220;off&#8220; button_one_border_radius__hover_enabled=&#8220;off&#8220; button_two_border_radius__hover_enabled=&#8220;off&#8220; button_letter_spacing__hover_enabled=&#8220;off&#8220; button_one_letter_spacing__hover_enabled=&#8220;off&#8220; button_two_letter_spacing__hover_enabled=&#8220;off&#8220; button_bg_color__hover_enabled=&#8220;off&#8220; button_one_bg_color__hover_enabled=&#8220;off&#8220; button_two_bg_color__hover_enabled=&#8220;off&#8220;][\/et_pb_button][\/et_pb_column][et_pb_column type=&#8220;1_2&#8243; _builder_version=&#8220;3.25&#8243; custom_padding=&#8220;|||&#8220; custom_padding__hover=&#8220;|||&#8220;][et_pb_image src=&#8220;http:\/\/hund-trainieren.net\/wp-content\/uploads\/2018\/01\/cover-3d.jpg&#8220; align_tablet=&#8220;center&#8220; align_phone=&#8220;&#8220; align_last_edited=&#8220;on|desktop&#8220; _builder_version=&#8220;3.23&#8243;][\/et_pb_image][\/et_pb_column][\/et_pb_row][et_pb_row _builder_version=&#8220;3.25&#8243; background_size=&#8220;initial&#8220; background_position=&#8220;top_left&#8220; background_repeat=&#8220;repeat&#8220;][et_pb_column type=&#8220;4_4&#8243; _builder_version=&#8220;3.25&#8243; custom_padding=&#8220;|||&#8220; custom_padding__hover=&#8220;|||&#8220;][et_pb_text _builder_version=&#8220;3.27.4&#8243;]<\/p>\n<h3>Suchen<\/h3>\n<p>Logischerweise beginnt das Jagen schon mit dem Suchen. Die Aufmerksamkeit des Hundes seiner Umwelt gegen\u00fcber ist stark erh\u00f6ht. Das bedeutet er horcht genau, schn\u00fcffelt ausf\u00fchrlich und sucht die Landschaft ab.<br \/>\n[\/et_pb_text][\/et_pb_column][\/et_pb_row][et_pb_row _builder_version=&#8220;3.25&#8243; background_size=&#8220;initial&#8220; background_position=&#8220;top_left&#8220; background_repeat=&#8220;repeat&#8220;][et_pb_column type=&#8220;4_4&#8243; _builder_version=&#8220;3.25&#8243; custom_padding=&#8220;|||&#8220; custom_padding__hover=&#8220;|||&#8220;][et_pb_text _builder_version=&#8220;3.27.4&#8243;]<\/p>\n<h3>Fangen<\/h3>\n<p>Nun kommt es zum eigentlichen Punkt: dem Jagen. Zuerst wird der Vierbeiner sich langsam anschleichen, um dann pl\u00f6tzlich loszurennen und die Beute so lange zu treiben, bis er sie erreicht.<br \/>\n[\/et_pb_text][\/et_pb_column][\/et_pb_row][et_pb_row _builder_version=&#8220;3.25&#8243; background_size=&#8220;initial&#8220; background_position=&#8220;top_left&#8220; background_repeat=&#8220;repeat&#8220;][et_pb_column type=&#8220;4_4&#8243; _builder_version=&#8220;3.25&#8243; custom_padding=&#8220;|||&#8220; custom_padding__hover=&#8220;|||&#8220;][et_pb_text _builder_version=&#8220;3.27.4&#8243;]<\/p>\n<h3>T\u00f6ten<\/h3>\n<p>Ist das Beutetier nun eingeholt, kommt es dazu, dass der Hund es durch einen gezielten Biss in die Kehle t\u00f6tet, oder es \u2013 je nach Gr\u00f6\u00dfe \u2013 so lange sch\u00fcttelt, bis es tot ist. Was schmeckt wird dann auch gegessen.<br \/>\n[\/et_pb_text][\/et_pb_column][\/et_pb_row][et_pb_row _builder_version=&#8220;3.25&#8243; background_size=&#8220;initial&#8220; background_position=&#8220;top_left&#8220; background_repeat=&#8220;repeat&#8220;][et_pb_column type=&#8220;4_4&#8243; _builder_version=&#8220;3.25&#8243; custom_padding=&#8220;|||&#8220; custom_padding__hover=&#8220;|||&#8220;][et_pb_text _builder_version=&#8220;3.27.4&#8243;]<b> Ein guter Hund hat gelernt dieses Jagdverhalten zu kontrollieren und seinem Herrchen \/ Frauchen zu gehorchen. <\/b><br \/>\n[\/et_pb_text][\/et_pb_column][\/et_pb_row][\/et_pb_section]<\/p>\n","protected":false},"excerpt":{"rendered":"<p>Wenn du mit deinem liebsten Vierbeiner spazieren warst, dann ist es dir bestimmt auch schon mal so vorgekommen, als sei dein Hund ein echtes Raubtier. Er hat ein potentielles \u201eBeutetier\u201c (Hase etc.) entdeckt und macht sich beinahe augenblicklich daran es zu jagen. Dieses scheinbar unkontrollierbare Jagdverhalten kann \u00e4u\u00dferst st\u00f6rend sein, denn es macht keinen Spa\u00df [&hellip;]<\/p>\n","protected":false},"author":2,"featured_media":0,"parent":0,"menu_order":1,"comment_status":"closed","ping_status":"closed","template":"","meta":{"_et_pb_use_builder":"on","_et_pb_old_content":"<h1>Tarife vergleichen<\/h1>\r\nSo hart man selber f\u00fcr sein Geld gearbeitet hat, umso genauer schaut man auch darauf. Jedoch werden die Zeiten zum Sparen immer schwieriger, denn gef\u00fchlt wird alles teurer und der Verdienst immer geringer.\r\n\r\nDas Geld zu sparen um f\u00fcr schlechte Zeiten R\u00fccklagen zu besitzen oder einfach nur um den n\u00e4chsten Urlaub finanzieren zu k\u00f6nnen, stellt hierbei die haupts\u00e4chliche Intention des Geldsparens dar.\r\n\r\nDoch stellt sich meistens die Frage, wie man effektiv Geld sparen kann?\r\n\r\nSei es meist die klassische Theorie, dass durch Verzicht auf andere G\u00fcter oder Dienstleistungen Geld gespart werden kann oder Geld aus extra gearbeiteten \u00dcberstunden zur\u00fcckgelegt wird, all dies sind in Wirklichkeit unn\u00f6tige Wege die viele gehen. Als deutlich effektiver erweist sich das Sparen bei den Kosten selber.\r\n\r\nEin Blick auf Vergleichsportale f\u00fcr Finanzen wie\u00a0<a href=\"http:\/\/www.toptarif.de\/\" target=\"_blank\" rel=\"noopener\">Toptarif<\/a>\u00a0oder\u00a0<a target=\"_blank\" rel=\"noopener\">Tarifchek24<\/a>\u00a0zeigt dabei genau, wie \u00fcberdurchschnittliche Kostenfaktoren erkannt und durch g\u00fcnstigere Alternativen ersetzt werden k\u00f6nnen. Schwerpunkt sind dabei die Bereiche Vorsorge, Versicherungen, Finanzen und Energie.\r\n\r\nZudem sind dies zumeist auch die Kategorien, welche die gr\u00f6\u00dften Kosten b\u00fcndeln und meist \u00fcber Jahrzehnte gehalten werden, trotz enormen Sparpotenzials. Nat\u00fcrlich stellt sich die Frage, ob durch die Kostenersparnisse auch Leistungen reduziert werden und sich dadurch die M\u00f6glichkeit der Kostenreduzierung erkl\u00e4ren l\u00e4sst. Diese Annahme ist jedoch leicht zu verneinen, denn der Schwerpunkt liegt eben auf dem Blick, \u00e4quivalent Leistungen nur zu g\u00fcnstigeren Verpflichtungen herauszufinden und dann auch zu nutzen.\r\n\r\nNat\u00fcrlich bleibt trotz des Onlinevergleichsportals eine pers\u00f6nliche Beratung meist unverzichtbar und so bieten diese Vergleichsportale auch Telefonberatungen an um letzte Zweifel vor Finanzierungsalternativen zu begraben.","_et_gb_content_width":"","footnotes":""},"class_list":["post-140","page","type-page","status-publish","hentry"],"yoast_head":"<!-- This site is optimized with the Yoast SEO plugin v27.5 - https:\/\/yoast.com\/product\/yoast-seo-wordpress\/ -->\n<title>Jagdverhalten kontrollieren - Hund-Trainieren.net<\/title>\n<meta name=\"description\" content=\"Das Jagdverhalten eines Hundes kann oftmals zum echten Problem werden, doch wie geht man damit um? \u2713 Jetzt hier klicken \u2713 Mehr \u00fcber das Thema erfahren!\" \/>\n<meta name=\"robots\" content=\"index, follow, max-snippet:-1, max-image-preview:large, max-video-preview:-1\" \/>\n<link rel=\"canonical\" href=\"https:\/\/hund-trainieren.net\/?page_id=140\" \/>\n<meta property=\"og:locale\" content=\"de_DE\" \/>\n<meta property=\"og:type\" content=\"article\" \/>\n<meta property=\"og:title\" content=\"Jagdverhalten kontrollieren - Hund-Trainieren.net\" \/>\n<meta property=\"og:description\" content=\"Das Jagdverhalten eines Hundes kann oftmals zum echten Problem werden, doch wie geht man damit um? \u2713 Jetzt hier klicken \u2713 Mehr \u00fcber das Thema erfahren!\" \/>\n<meta property=\"og:url\" content=\"https:\/\/hund-trainieren.net\/?page_id=140\" \/>\n<meta property=\"og:site_name\" content=\"Hund-Trainieren.net\" \/>\n<meta property=\"article:modified_time\" content=\"2021-01-11T13:12:18+00:00\" \/>\n<meta name=\"twitter:card\" content=\"summary_large_image\" \/>\n<meta name=\"twitter:label1\" content=\"Gesch\u00e4tzte Lesezeit\" \/>\n\t<meta name=\"twitter:data1\" content=\"7\u00a0Minuten\" \/>\n<script type=\"application\/ld+json\" class=\"yoast-schema-graph\">{\"@context\":\"https:\\\/\\\/schema.org\",\"@graph\":[{\"@type\":\"WebPage\",\"@id\":\"https:\\\/\\\/hund-trainieren.net\\\/?page_id=140\",\"url\":\"https:\\\/\\\/hund-trainieren.net\\\/?page_id=140\",\"name\":\"Jagdverhalten kontrollieren - Hund-Trainieren.net\",\"isPartOf\":{\"@id\":\"https:\\\/\\\/hund-trainieren.net\\\/#website\"},\"datePublished\":\"2017-11-03T19:23:15+00:00\",\"dateModified\":\"2021-01-11T13:12:18+00:00\",\"description\":\"Das Jagdverhalten eines Hundes kann oftmals zum echten Problem werden, doch wie geht man damit um? \u2713 Jetzt hier klicken \u2713 Mehr \u00fcber das Thema erfahren!\",\"breadcrumb\":{\"@id\":\"https:\\\/\\\/hund-trainieren.net\\\/?page_id=140#breadcrumb\"},\"inLanguage\":\"de\",\"potentialAction\":[{\"@type\":\"ReadAction\",\"target\":[\"https:\\\/\\\/hund-trainieren.net\\\/?page_id=140\"]}]},{\"@type\":\"BreadcrumbList\",\"@id\":\"https:\\\/\\\/hund-trainieren.net\\\/?page_id=140#breadcrumb\",\"itemListElement\":[{\"@type\":\"ListItem\",\"position\":1,\"name\":\"Startseite\",\"item\":\"https:\\\/\\\/hund-trainieren.net\\\/\"},{\"@type\":\"ListItem\",\"position\":2,\"name\":\"Jagdverhalten kontrollieren\"}]},{\"@type\":\"WebSite\",\"@id\":\"https:\\\/\\\/hund-trainieren.net\\\/#website\",\"url\":\"https:\\\/\\\/hund-trainieren.net\\\/\",\"name\":\"Hund-Trainieren.net\",\"description\":\"Dein Weg zum gehorsamen Hund\",\"potentialAction\":[{\"@type\":\"SearchAction\",\"target\":{\"@type\":\"EntryPoint\",\"urlTemplate\":\"https:\\\/\\\/hund-trainieren.net\\\/?s={search_term_string}\"},\"query-input\":{\"@type\":\"PropertyValueSpecification\",\"valueRequired\":true,\"valueName\":\"search_term_string\"}}],\"inLanguage\":\"de\"}]}<\/script>\n<!-- \/ Yoast SEO plugin. -->","yoast_head_json":{"title":"Jagdverhalten kontrollieren - Hund-Trainieren.net","description":"Das Jagdverhalten eines Hundes kann oftmals zum echten Problem werden, doch wie geht man damit um? \u2713 Jetzt hier klicken \u2713 Mehr \u00fcber das Thema erfahren!","robots":{"index":"index","follow":"follow","max-snippet":"max-snippet:-1","max-image-preview":"max-image-preview:large","max-video-preview":"max-video-preview:-1"},"canonical":"https:\/\/hund-trainieren.net\/?page_id=140","og_locale":"de_DE","og_type":"article","og_title":"Jagdverhalten kontrollieren - Hund-Trainieren.net","og_description":"Das Jagdverhalten eines Hundes kann oftmals zum echten Problem werden, doch wie geht man damit um? \u2713 Jetzt hier klicken \u2713 Mehr \u00fcber das Thema erfahren!","og_url":"https:\/\/hund-trainieren.net\/?page_id=140","og_site_name":"Hund-Trainieren.net","article_modified_time":"2021-01-11T13:12:18+00:00","twitter_card":"summary_large_image","twitter_misc":{"Gesch\u00e4tzte Lesezeit":"7\u00a0Minuten"},"schema":{"@context":"https:\/\/schema.org","@graph":[{"@type":"WebPage","@id":"https:\/\/hund-trainieren.net\/?page_id=140","url":"https:\/\/hund-trainieren.net\/?page_id=140","name":"Jagdverhalten kontrollieren - Hund-Trainieren.net","isPartOf":{"@id":"https:\/\/hund-trainieren.net\/#website"},"datePublished":"2017-11-03T19:23:15+00:00","dateModified":"2021-01-11T13:12:18+00:00","description":"Das Jagdverhalten eines Hundes kann oftmals zum echten Problem werden, doch wie geht man damit um? \u2713 Jetzt hier klicken \u2713 Mehr \u00fcber das Thema erfahren!","breadcrumb":{"@id":"https:\/\/hund-trainieren.net\/?page_id=140#breadcrumb"},"inLanguage":"de","potentialAction":[{"@type":"ReadAction","target":["https:\/\/hund-trainieren.net\/?page_id=140"]}]},{"@type":"BreadcrumbList","@id":"https:\/\/hund-trainieren.net\/?page_id=140#breadcrumb","itemListElement":[{"@type":"ListItem","position":1,"name":"Startseite","item":"https:\/\/hund-trainieren.net\/"},{"@type":"ListItem","position":2,"name":"Jagdverhalten kontrollieren"}]},{"@type":"WebSite","@id":"https:\/\/hund-trainieren.net\/#website","url":"https:\/\/hund-trainieren.net\/","name":"Hund-Trainieren.net","description":"Dein Weg zum gehorsamen Hund","potentialAction":[{"@type":"SearchAction","target":{"@type":"EntryPoint","urlTemplate":"https:\/\/hund-trainieren.net\/?s={search_term_string}"},"query-input":{"@type":"PropertyValueSpecification","valueRequired":true,"valueName":"search_term_string"}}],"inLanguage":"de"}]}},"_links":{"self":[{"href":"https:\/\/hund-trainieren.net\/index.php?rest_route=\/wp\/v2\/pages\/140","targetHints":{"allow":["GET"]}}],"collection":[{"href":"https:\/\/hund-trainieren.net\/index.php?rest_route=\/wp\/v2\/pages"}],"about":[{"href":"https:\/\/hund-trainieren.net\/index.php?rest_route=\/wp\/v2\/types\/page"}],"author":[{"embeddable":true,"href":"https:\/\/hund-trainieren.net\/index.php?rest_route=\/wp\/v2\/users\/2"}],"replies":[{"embeddable":true,"href":"https:\/\/hund-trainieren.net\/index.php?rest_route=%2Fwp%2Fv2%2Fcomments&post=140"}],"version-history":[{"count":8,"href":"https:\/\/hund-trainieren.net\/index.php?rest_route=\/wp\/v2\/pages\/140\/revisions"}],"predecessor-version":[{"id":582,"href":"https:\/\/hund-trainieren.net\/index.php?rest_route=\/wp\/v2\/pages\/140\/revisions\/582"}],"wp:attachment":[{"href":"https:\/\/hund-trainieren.net\/index.php?rest_route=%2Fwp%2Fv2%2Fmedia&parent=140"}],"curies":[{"name":"wp","href":"https:\/\/api.w.org\/{rel}","templated":true}]}}